{"id":22480,"date":"2025-11-07T16:09:23","date_gmt":"2025-11-07T15:09:23","guid":{"rendered":"https:\/\/www.btpequipement.tn\/mmtc-2\/"},"modified":"2025-12-25T10:08:57","modified_gmt":"2025-12-25T09:08:57","slug":"produit-mitsubishi-materials-tools-europe","status":"publish","type":"page","link":"https:\/\/www.btpequipement.tn\/en\/produit-mitsubishi-materials-tools-europe\/","title":{"rendered":"Mitsubishi Materials Tools Europe"},"content":{"rendered":"\t\t<div data-elementor-type=\"wp-page\" data-elementor-id=\"22480\" class=\"elementor elementor-22480\">\n\t\t\t\t\t\t<section class=\"elementor-section elementor-top-section elementor-element elementor-element-49686de elementor-section-height-min-height elementor-section-content-top elementor-section-items-top elementor-section-boxed elementor-section-height-default sc_fly_static\" data-id=\"49686de\" data-element_type=\"section\">\n\t\t\t\t\t\t<div class=\"elementor-container elementor-column-gap-extended\">\n\t\t\t\t\t<div class=\"elementor-column elementor-col-100 elementor-top-column elementor-element elementor-element-f1dbf11 sc_layouts_column_align_center sc_layouts_column sc_content_align_inherit sc_layouts_column_icons_position_left sc_fly_static\" data-id=\"f1dbf11\" data-element_type=\"column\">\n\t\t\t<div class=\"elementor-widget-wrap elementor-element-populated\">\n\t\t\t\t\t\t<div class=\"elementor-element elementor-element-b5f1be0 elementor-view-default sc_fly_static elementor-widget elementor-widget-icon\" data-id=\"b5f1be0\" data-element_type=\"widget\" data-widget_type=\"icon.default\">\n\t\t\t\t<div class=\"elementor-widget-container\">\n\t\t\t\t\t\t\t<div class=\"elementor-icon-wrapper\">\n\t\t\t<a class=\"elementor-icon\" href=\"#anchor\">\n\t\t\t<svg xmlns=\"http:\/\/www.w3.org\/2000\/svg\" width=\"14.626\" height=\"8.639\" viewBox=\"0 0 14.626 8.639\"><g id=\"down-arrow\" transform=\"translate(0 -70.698)\"><g id=\"Group_8820\" data-name=\"Group 8820\" transform=\"translate(0 100.698)\"><path id=\"Path_6507\" data-name=\"Path 6507\" d=\"M14.392,101.42l-.479-.482a.8.8,0,0,0-1.132,0L7.316,106.4l-5.472-5.472a.8.8,0,0,0-1.132,0l-.479.479a.8.8,0,0,0,0,1.131l6.515,6.538a.818.818,0,0,0,.567.257h0a.818.818,0,0,0,.566-.257l6.508-6.52a.808.808,0,0,0,.234-.571A.8.8,0,0,0,14.392,101.42Z\" transform=\"translate(0 -130.698)\"><\/path><\/g><\/g><\/svg>\t\t\t<\/a>\n\t\t<\/div>\n\t\t\t\t\t\t<\/div>\n\t\t\t\t<\/div>\n\t\t\t\t\t<\/div>\n\t\t<\/div>\n\t\t\t\t\t<\/div>\n\t\t<\/section>\n\t\t\t\t<section class=\"elementor-section elementor-top-section elementor-element elementor-element-07505bc elementor-section-boxed elementor-section-height-default elementor-section-height-default sc_fly_static\" data-id=\"07505bc\" data-element_type=\"section\">\n\t\t\t\t\t\t<div class=\"elementor-container elementor-column-gap-extended\">\n\t\t\t\t\t<div class=\"elementor-column elementor-col-100 elementor-top-column elementor-element elementor-element-e81588a sc_content_align_inherit sc_layouts_column_icons_position_left sc_fly_static\" data-id=\"e81588a\" data-element_type=\"column\">\n\t\t\t<div class=\"elementor-widget-wrap elementor-element-populated\">\n\t\t\t\t\t\t<div class=\"elementor-element elementor-element-c75e150 sc_height_huge sc_fly_static elementor-widget elementor-widget-spacer\" data-id=\"c75e150\" data-element_type=\"widget\" data-widget_type=\"spacer.default\">\n\t\t\t\t<div class=\"elementor-widget-container\">\n\t\t\t\t\t\t\t<div class=\"elementor-spacer\">\n\t\t\t<div class=\"elementor-spacer-inner\"><\/div>\n\t\t<\/div>\n\t\t\t\t\t\t<\/div>\n\t\t\t\t<\/div>\n\t\t\t\t\t<\/div>\n\t\t<\/div>\n\t\t\t\t\t<\/div>\n\t\t<\/section>\n\t\t\t\t<section class=\"elementor-section elementor-top-section elementor-element elementor-element-ec5cc5d elementor-section-full_width elementor-section-stretched elementor-section-height-default elementor-section-height-default sc_fly_static\" data-id=\"ec5cc5d\" data-element_type=\"section\" data-settings=\"{&quot;stretch_section&quot;:&quot;section-stretched&quot;}\">\n\t\t\t\t\t\t<div class=\"elementor-container elementor-column-gap-extended\">\n\t\t\t\t\t<div class=\"elementor-column elementor-col-100 elementor-top-column elementor-element elementor-element-f189822 sc_content_align_inherit sc_layouts_column_icons_position_left sc_fly_static\" data-id=\"f189822\" data-element_type=\"column\">\n\t\t\t<div class=\"elementor-widget-wrap elementor-element-populated\">\n\t\t\t\t\t\t<section class=\"elementor-section elementor-inner-section elementor-element elementor-element-a7a54fb elementor-section-full_width elementor-section-height-default elementor-section-height-default sc_fly_static\" data-id=\"a7a54fb\" data-element_type=\"section\">\n\t\t\t\t\t\t<div class=\"elementor-container elementor-column-gap-extended\">\n\t\t\t\t\t<div class=\"elementor-column elementor-col-50 elementor-inner-column elementor-element elementor-element-08bbc80 sc_content_align_inherit sc_layouts_column_icons_position_left sc_fly_static\" data-id=\"08bbc80\" data-element_type=\"column\">\n\t\t\t<div class=\"elementor-widget-wrap elementor-element-populated\">\n\t\t\t\t\t\t<div class=\"elementor-element elementor-element-fdb5295 sc_fly_static elementor-widget elementor-widget-image\" data-id=\"fdb5295\" data-element_type=\"widget\" data-widget_type=\"image.default\">\n\t\t\t\t<div class=\"elementor-widget-container\">\n\t\t\t\t\t\t\t\t\t\t\t\t\t\t\t<img fetchpriority=\"high\" decoding=\"async\" width=\"1024\" height=\"1024\" src=\"https:\/\/www.btpequipement.tn\/wp-content\/uploads\/2025\/11\/1922-1.jpg\" class=\"attachment-full size-full wp-image-23290\" alt=\"\" srcset=\"https:\/\/www.btpequipement.tn\/wp-content\/uploads\/2025\/11\/1922-1.jpg 1024w, https:\/\/www.btpequipement.tn\/wp-content\/uploads\/2025\/11\/1922-1-300x300.jpg 300w, https:\/\/www.btpequipement.tn\/wp-content\/uploads\/2025\/11\/1922-1-150x150.jpg 150w, https:\/\/www.btpequipement.tn\/wp-content\/uploads\/2025\/11\/1922-1-768x768.jpg 768w, https:\/\/www.btpequipement.tn\/wp-content\/uploads\/2025\/11\/1922-1-370x370.jpg 370w, https:\/\/www.btpequipement.tn\/wp-content\/uploads\/2025\/11\/1922-1-120x120.jpg 120w, https:\/\/www.btpequipement.tn\/wp-content\/uploads\/2025\/11\/1922-1-840x840.jpg 840w, https:\/\/www.btpequipement.tn\/wp-content\/uploads\/2025\/11\/1922-1-410x410.jpg 410w, https:\/\/www.btpequipement.tn\/wp-content\/uploads\/2025\/11\/1922-1-630x630.jpg 630w, https:\/\/www.btpequipement.tn\/wp-content\/uploads\/2025\/11\/1922-1-750x750.jpg 750w\" sizes=\"(max-width: 1024px) 100vw, 1024px\" \/>\t\t\t\t\t\t\t\t\t\t\t\t\t\t\t<\/div>\n\t\t\t\t<\/div>\n\t\t\t\t\t<\/div>\n\t\t<\/div>\n\t\t\t\t<div class=\"elementor-column elementor-col-50 elementor-inner-column elementor-element elementor-element-d51f036 sc_content_align_inherit sc_layouts_column_icons_position_left sc_fly_static\" data-id=\"d51f036\" data-element_type=\"column\">\n\t\t\t<div class=\"elementor-widget-wrap elementor-element-populated\">\n\t\t\t\t\t\t<div class=\"elementor-element elementor-element-7383d49 sc_fly_static elementor-widget elementor-widget-image\" data-id=\"7383d49\" data-element_type=\"widget\" data-widget_type=\"image.default\">\n\t\t\t\t<div class=\"elementor-widget-container\">\n\t\t\t\t\t\t\t\t\t\t\t\t\t\t\t<img decoding=\"async\" width=\"1024\" height=\"1024\" src=\"https:\/\/www.btpequipement.tn\/wp-content\/uploads\/2025\/11\/1923.jpg\" class=\"attachment-large size-large wp-image-23292\" alt=\"\" srcset=\"https:\/\/www.btpequipement.tn\/wp-content\/uploads\/2025\/11\/1923.jpg 1024w, https:\/\/www.btpequipement.tn\/wp-content\/uploads\/2025\/11\/1923-300x300.jpg 300w, https:\/\/www.btpequipement.tn\/wp-content\/uploads\/2025\/11\/1923-150x150.jpg 150w, https:\/\/www.btpequipement.tn\/wp-content\/uploads\/2025\/11\/1923-768x768.jpg 768w, https:\/\/www.btpequipement.tn\/wp-content\/uploads\/2025\/11\/1923-370x370.jpg 370w, https:\/\/www.btpequipement.tn\/wp-content\/uploads\/2025\/11\/1923-120x120.jpg 120w, https:\/\/www.btpequipement.tn\/wp-content\/uploads\/2025\/11\/1923-840x840.jpg 840w, https:\/\/www.btpequipement.tn\/wp-content\/uploads\/2025\/11\/1923-410x410.jpg 410w, https:\/\/www.btpequipement.tn\/wp-content\/uploads\/2025\/11\/1923-630x630.jpg 630w, https:\/\/www.btpequipement.tn\/wp-content\/uploads\/2025\/11\/1923-750x750.jpg 750w\" sizes=\"(max-width: 1024px) 100vw, 1024px\" \/>\t\t\t\t\t\t\t\t\t\t\t\t\t\t\t<\/div>\n\t\t\t\t<\/div>\n\t\t\t\t\t<\/div>\n\t\t<\/div>\n\t\t\t\t\t<\/div>\n\t\t<\/section>\n\t\t\t\t<div class=\"elementor-element elementor-element-d60cc51 elementor-widget-divider--view-line sc_fly_static elementor-widget elementor-widget-divider\" data-id=\"d60cc51\" data-element_type=\"widget\" data-widget_type=\"divider.default\">\n\t\t\t\t<div class=\"elementor-widget-container\">\n\t\t\t\t\t\t\t<div class=\"elementor-divider\">\n\t\t\t<span class=\"elementor-divider-separator\">\n\t\t\t\t\t\t<\/span>\n\t\t<\/div>\n\t\t\t\t\t\t<\/div>\n\t\t\t\t<\/div>\n\t\t\t\t<section class=\"elementor-section elementor-inner-section elementor-element elementor-element-6558743 elementor-section-boxed elementor-section-height-default elementor-section-height-default sc_fly_static\" data-id=\"6558743\" data-element_type=\"section\">\n\t\t\t\t\t\t<div class=\"elementor-container elementor-column-gap-extended\">\n\t\t\t\t\t<div class=\"elementor-column elementor-col-50 elementor-inner-column elementor-element elementor-element-0d71257 sc_content_align_inherit sc_layouts_column_icons_position_left sc_fly_static\" data-id=\"0d71257\" data-element_type=\"column\">\n\t\t\t<div class=\"elementor-widget-wrap elementor-element-populated\">\n\t\t\t\t\t\t<div class=\"elementor-element elementor-element-7b79ee2 sc_fly_static elementor-widget elementor-widget-heading\" data-id=\"7b79ee2\" data-element_type=\"widget\" data-widget_type=\"heading.default\">\n\t\t\t\t<div class=\"elementor-widget-container\">\n\t\t\t\t\t<h6 class=\"elementor-heading-title elementor-size-default\">For additional information, please refer to the PDF document :<\/h6>\t\t\t\t<\/div>\n\t\t\t\t<\/div>\n\t\t\t\t\t<\/div>\n\t\t<\/div>\n\t\t\t\t<div class=\"elementor-column elementor-col-50 elementor-inner-column elementor-element elementor-element-977721d sc_content_align_center sc_layouts_column_icons_position_left sc_fly_static\" data-id=\"977721d\" data-element_type=\"column\">\n\t\t\t<div class=\"elementor-widget-wrap elementor-element-populated\">\n\t\t\t\t\t\t<div class=\"elementor-element elementor-element-ed2c7b9 sc_fly_static elementor-widget elementor-widget-trx_sc_button\" data-id=\"ed2c7b9\" data-element_type=\"widget\" data-widget_type=\"trx_sc_button.default\">\n\t\t\t\t<div class=\"elementor-widget-container\">\n\t\t\t\t\t<div\tclass=\"sc_item_button sc_button_wrap sc_align_center\" ><a href=\"https:\/\/www.btpequipement.tn\/wp-content\/uploads\/2025\/11\/Top-Hammer-Tools.pdf\" class=\"sc_button sc_button_default sc_button_size_normal sc_button_with_icon sc_button_icon_left\" ><span class=\"sc_button_icon\"><span class=\"icon-file-pdf\"><\/span><\/span><span class=\"sc_button_text\"><span class=\"sc_button_title\">Download PDF<\/span><\/span><\/a><\/div>\t\t\t\t<\/div>\n\t\t\t\t<\/div>\n\t\t\t\t\t<\/div>\n\t\t<\/div>\n\t\t\t\t\t<\/div>\n\t\t<\/section>\n\t\t\t\t\t<\/div>\n\t\t<\/div>\n\t\t\t\t\t<\/div>\n\t\t<\/section>\n\t\t\t\t<section class=\"elementor-section elementor-top-section elementor-element elementor-element-956a39d elementor-section-boxed elementor-section-height-default elementor-section-height-default sc_fly_static\" data-id=\"956a39d\" data-element_type=\"section\">\n\t\t\t\t\t\t<div class=\"elementor-container elementor-column-gap-extended\">\n\t\t\t\t\t<div class=\"elementor-column elementor-col-100 elementor-top-column elementor-element elementor-element-f5c7bc8 sc_content_align_inherit sc_layouts_column_icons_position_left sc_fly_static\" data-id=\"f5c7bc8\" data-element_type=\"column\">\n\t\t\t<div class=\"elementor-widget-wrap elementor-element-populated\">\n\t\t\t\t\t\t<div class=\"elementor-element elementor-element-70cb24e sc_height_huge sc_fly_static elementor-widget elementor-widget-spacer\" data-id=\"70cb24e\" data-element_type=\"widget\" data-widget_type=\"spacer.default\">\n\t\t\t\t<div class=\"elementor-widget-container\">\n\t\t\t\t\t\t\t<div class=\"elementor-spacer\">\n\t\t\t<div class=\"elementor-spacer-inner\"><\/div>\n\t\t<\/div>\n\t\t\t\t\t\t<\/div>\n\t\t\t\t<\/div>\n\t\t\t\t\t<\/div>\n\t\t<\/div>\n\t\t\t\t\t<\/div>\n\t\t<\/section>\n\t\t\t\t<\/div>\n\t\t","protected":false},"excerpt":{"rendered":"<p>For additional information, please refer to the PDF document : Download PDF<\/p>\n","protected":false},"author":1,"featured_media":23321,"parent":0,"menu_order":0,"comment_status":"closed","ping_status":"closed","template":"","meta":{"footnotes":""},"class_list":["post-22480","page","type-page","status-publish","has-post-thumbnail","hentry"],"yoast_head":"<!-- This site is optimized with the Yoast SEO plugin v26.5 - https:\/\/yoast.com\/wordpress\/plugins\/seo\/ -->\n<title>Mitsubishi Cutting Tools in Tunisia for Precision Machining<\/title>\n<meta name=\"description\" content=\"BTP Equipement supplies Mitsubishi Materials cutting tools in Tunisia for precision machining and long-term industrial performance.\" \/>\n<meta name=\"robots\" content=\"index, follow, max-snippet:-1, max-image-preview:large, max-video-preview:-1\" \/>\n<link rel=\"canonical\" href=\"https:\/\/www.btpequipement.tn\/en\/produit-mitsubishi-materials-tools-europe\/\" \/>\n<meta property=\"og:locale\" content=\"en_US\" \/>\n<meta property=\"og:type\" content=\"article\" \/>\n<meta property=\"og:title\" content=\"Mitsubishi Cutting Tools in Tunisia for Precision Machining\" \/>\n<meta property=\"og:description\" content=\"BTP Equipement supplies Mitsubishi Materials cutting tools in Tunisia for precision machining and long-term industrial performance.\" \/>\n<meta property=\"og:url\" content=\"https:\/\/www.btpequipement.tn\/en\/produit-mitsubishi-materials-tools-europe\/\" \/>\n<meta property=\"og:site_name\" content=\"BTP Equipement\" \/>\n<meta property=\"article:publisher\" content=\"https:\/\/www.facebook.com\/people\/Btp-Equipement\/61576844644692\/\" \/>\n<meta property=\"article:modified_time\" content=\"2025-12-25T09:08:57+00:00\" \/>\n<meta property=\"og:image\" content=\"https:\/\/www.btpequipement.tn\/wp-content\/uploads\/2025\/11\/1923-1.jpg\" \/>\n\t<meta property=\"og:image:width\" content=\"1024\" \/>\n\t<meta property=\"og:image:height\" content=\"1024\" \/>\n\t<meta property=\"og:image:type\" content=\"image\/jpeg\" \/>\n<meta name=\"twitter:card\" content=\"summary_large_image\" \/>\n<meta name=\"twitter:label1\" content=\"Est. reading time\" \/>\n\t<meta name=\"twitter:data1\" content=\"1 minute\" \/>\n<script type=\"application\/ld+json\" class=\"yoast-schema-graph\">{\"@context\":\"https:\/\/schema.org\",\"@graph\":[{\"@type\":\"WebPage\",\"@id\":\"https:\/\/www.btpequipement.tn\/en\/produit-mitsubishi-materials-tools-europe\/\",\"url\":\"https:\/\/www.btpequipement.tn\/en\/produit-mitsubishi-materials-tools-europe\/\",\"name\":\"Mitsubishi Cutting Tools in Tunisia for Precision Machining\",\"isPartOf\":{\"@id\":\"https:\/\/www.btpequipement.tn\/#website\"},\"primaryImageOfPage\":{\"@id\":\"https:\/\/www.btpequipement.tn\/en\/produit-mitsubishi-materials-tools-europe\/#primaryimage\"},\"image\":{\"@id\":\"https:\/\/www.btpequipement.tn\/en\/produit-mitsubishi-materials-tools-europe\/#primaryimage\"},\"thumbnailUrl\":\"https:\/\/www.btpequipement.tn\/wp-content\/uploads\/2025\/11\/1923-1.jpg\",\"datePublished\":\"2025-11-07T15:09:23+00:00\",\"dateModified\":\"2025-12-25T09:08:57+00:00\",\"description\":\"BTP Equipement supplies Mitsubishi Materials cutting tools in Tunisia for precision machining and long-term industrial performance.\",\"breadcrumb\":{\"@id\":\"https:\/\/www.btpequipement.tn\/en\/produit-mitsubishi-materials-tools-europe\/#breadcrumb\"},\"inLanguage\":\"en-US\",\"potentialAction\":[{\"@type\":\"ReadAction\",\"target\":[\"https:\/\/www.btpequipement.tn\/en\/produit-mitsubishi-materials-tools-europe\/\"]}]},{\"@type\":\"ImageObject\",\"inLanguage\":\"en-US\",\"@id\":\"https:\/\/www.btpequipement.tn\/en\/produit-mitsubishi-materials-tools-europe\/#primaryimage\",\"url\":\"https:\/\/www.btpequipement.tn\/wp-content\/uploads\/2025\/11\/1923-1.jpg\",\"contentUrl\":\"https:\/\/www.btpequipement.tn\/wp-content\/uploads\/2025\/11\/1923-1.jpg\",\"width\":1024,\"height\":1024,\"caption\":\"Outils usinage\"},{\"@type\":\"BreadcrumbList\",\"@id\":\"https:\/\/www.btpequipement.tn\/en\/produit-mitsubishi-materials-tools-europe\/#breadcrumb\",\"itemListElement\":[{\"@type\":\"ListItem\",\"position\":1,\"name\":\"Accueil\",\"item\":\"https:\/\/www.btpequipement.tn\/\"},{\"@type\":\"ListItem\",\"position\":2,\"name\":\"Mitsubishi Materials Tools Europe\"}]},{\"@type\":\"WebSite\",\"@id\":\"https:\/\/www.btpequipement.tn\/#website\",\"url\":\"https:\/\/www.btpequipement.tn\/\",\"name\":\"BTP Equipement - Mat\u00e9riels et \u00c9quipements de Chantier\",\"description\":\"Mat\u00e9riel et \u00c9quipements de Chantier Haut de Gamme\",\"publisher\":{\"@id\":\"https:\/\/www.btpequipement.tn\/#organization\"},\"potentialAction\":[{\"@type\":\"SearchAction\",\"target\":{\"@type\":\"EntryPoint\",\"urlTemplate\":\"https:\/\/www.btpequipement.tn\/?s={search_term_string}\"},\"query-input\":{\"@type\":\"PropertyValueSpecification\",\"valueRequired\":true,\"valueName\":\"search_term_string\"}}],\"inLanguage\":\"en-US\"},{\"@type\":\"Organization\",\"@id\":\"https:\/\/www.btpequipement.tn\/#organization\",\"name\":\"BTP Equipement\",\"url\":\"https:\/\/www.btpequipement.tn\/\",\"logo\":{\"@type\":\"ImageObject\",\"inLanguage\":\"en-US\",\"@id\":\"https:\/\/www.btpequipement.tn\/#\/schema\/logo\/image\/\",\"url\":\"https:\/\/www.btpequipement.tn\/wp-content\/uploads\/2024\/05\/logo-btp.svg\",\"contentUrl\":\"https:\/\/www.btpequipement.tn\/wp-content\/uploads\/2024\/05\/logo-btp.svg\",\"width\":220,\"height\":96,\"caption\":\"BTP Equipement\"},\"image\":{\"@id\":\"https:\/\/www.btpequipement.tn\/#\/schema\/logo\/image\/\"},\"sameAs\":[\"https:\/\/www.facebook.com\/people\/Btp-Equipement\/61576844644692\/\",\"https:\/\/www.instagram.com\/btp.equipement\/\"]}]}<\/script>\n<!-- \/ Yoast SEO plugin. -->","yoast_head_json":{"title":"Mitsubishi Cutting Tools in Tunisia for Precision Machining","description":"BTP Equipement supplies Mitsubishi Materials cutting tools in Tunisia for precision machining and long-term industrial performance.","robots":{"index":"index","follow":"follow","max-snippet":"max-snippet:-1","max-image-preview":"max-image-preview:large","max-video-preview":"max-video-preview:-1"},"canonical":"https:\/\/www.btpequipement.tn\/en\/produit-mitsubishi-materials-tools-europe\/","og_locale":"en_US","og_type":"article","og_title":"Mitsubishi Cutting Tools in Tunisia for Precision Machining","og_description":"BTP Equipement supplies Mitsubishi Materials cutting tools in Tunisia for precision machining and long-term industrial performance.","og_url":"https:\/\/www.btpequipement.tn\/en\/produit-mitsubishi-materials-tools-europe\/","og_site_name":"BTP Equipement","article_publisher":"https:\/\/www.facebook.com\/people\/Btp-Equipement\/61576844644692\/","article_modified_time":"2025-12-25T09:08:57+00:00","og_image":[{"width":1024,"height":1024,"url":"https:\/\/www.btpequipement.tn\/wp-content\/uploads\/2025\/11\/1923-1.jpg","type":"image\/jpeg"}],"twitter_card":"summary_large_image","twitter_misc":{"Est. reading time":"1 minute"},"schema":{"@context":"https:\/\/schema.org","@graph":[{"@type":"WebPage","@id":"https:\/\/www.btpequipement.tn\/en\/produit-mitsubishi-materials-tools-europe\/","url":"https:\/\/www.btpequipement.tn\/en\/produit-mitsubishi-materials-tools-europe\/","name":"Mitsubishi Cutting Tools in Tunisia for Precision Machining","isPartOf":{"@id":"https:\/\/www.btpequipement.tn\/#website"},"primaryImageOfPage":{"@id":"https:\/\/www.btpequipement.tn\/en\/produit-mitsubishi-materials-tools-europe\/#primaryimage"},"image":{"@id":"https:\/\/www.btpequipement.tn\/en\/produit-mitsubishi-materials-tools-europe\/#primaryimage"},"thumbnailUrl":"https:\/\/www.btpequipement.tn\/wp-content\/uploads\/2025\/11\/1923-1.jpg","datePublished":"2025-11-07T15:09:23+00:00","dateModified":"2025-12-25T09:08:57+00:00","description":"BTP Equipement supplies Mitsubishi Materials cutting tools in Tunisia for precision machining and long-term industrial performance.","breadcrumb":{"@id":"https:\/\/www.btpequipement.tn\/en\/produit-mitsubishi-materials-tools-europe\/#breadcrumb"},"inLanguage":"en-US","potentialAction":[{"@type":"ReadAction","target":["https:\/\/www.btpequipement.tn\/en\/produit-mitsubishi-materials-tools-europe\/"]}]},{"@type":"ImageObject","inLanguage":"en-US","@id":"https:\/\/www.btpequipement.tn\/en\/produit-mitsubishi-materials-tools-europe\/#primaryimage","url":"https:\/\/www.btpequipement.tn\/wp-content\/uploads\/2025\/11\/1923-1.jpg","contentUrl":"https:\/\/www.btpequipement.tn\/wp-content\/uploads\/2025\/11\/1923-1.jpg","width":1024,"height":1024,"caption":"Outils usinage"},{"@type":"BreadcrumbList","@id":"https:\/\/www.btpequipement.tn\/en\/produit-mitsubishi-materials-tools-europe\/#breadcrumb","itemListElement":[{"@type":"ListItem","position":1,"name":"Accueil","item":"https:\/\/www.btpequipement.tn\/"},{"@type":"ListItem","position":2,"name":"Mitsubishi Materials Tools Europe"}]},{"@type":"WebSite","@id":"https:\/\/www.btpequipement.tn\/#website","url":"https:\/\/www.btpequipement.tn\/","name":"BTP Equipement - Mat\u00e9riels et \u00c9quipements de Chantier","description":"Mat\u00e9riel et \u00c9quipements de Chantier Haut de Gamme","publisher":{"@id":"https:\/\/www.btpequipement.tn\/#organization"},"potentialAction":[{"@type":"SearchAction","target":{"@type":"EntryPoint","urlTemplate":"https:\/\/www.btpequipement.tn\/?s={search_term_string}"},"query-input":{"@type":"PropertyValueSpecification","valueRequired":true,"valueName":"search_term_string"}}],"inLanguage":"en-US"},{"@type":"Organization","@id":"https:\/\/www.btpequipement.tn\/#organization","name":"BTP Equipement","url":"https:\/\/www.btpequipement.tn\/","logo":{"@type":"ImageObject","inLanguage":"en-US","@id":"https:\/\/www.btpequipement.tn\/#\/schema\/logo\/image\/","url":"https:\/\/www.btpequipement.tn\/wp-content\/uploads\/2024\/05\/logo-btp.svg","contentUrl":"https:\/\/www.btpequipement.tn\/wp-content\/uploads\/2024\/05\/logo-btp.svg","width":220,"height":96,"caption":"BTP Equipement"},"image":{"@id":"https:\/\/www.btpequipement.tn\/#\/schema\/logo\/image\/"},"sameAs":["https:\/\/www.facebook.com\/people\/Btp-Equipement\/61576844644692\/","https:\/\/www.instagram.com\/btp.equipement\/"]}]}},"_links":{"self":[{"href":"https:\/\/www.btpequipement.tn\/en\/wp-json\/wp\/v2\/pages\/22480","targetHints":{"allow":["GET"]}}],"collection":[{"href":"https:\/\/www.btpequipement.tn\/en\/wp-json\/wp\/v2\/pages"}],"about":[{"href":"https:\/\/www.btpequipement.tn\/en\/wp-json\/wp\/v2\/types\/page"}],"author":[{"embeddable":true,"href":"https:\/\/www.btpequipement.tn\/en\/wp-json\/wp\/v2\/users\/1"}],"replies":[{"embeddable":true,"href":"https:\/\/www.btpequipement.tn\/en\/wp-json\/wp\/v2\/comments?post=22480"}],"version-history":[{"count":23,"href":"https:\/\/www.btpequipement.tn\/en\/wp-json\/wp\/v2\/pages\/22480\/revisions"}],"predecessor-version":[{"id":23317,"href":"https:\/\/www.btpequipement.tn\/en\/wp-json\/wp\/v2\/pages\/22480\/revisions\/23317"}],"wp:featuredmedia":[{"embeddable":true,"href":"https:\/\/www.btpequipement.tn\/en\/wp-json\/wp\/v2\/media\/23321"}],"wp:attachment":[{"href":"https:\/\/www.btpequipement.tn\/en\/wp-json\/wp\/v2\/media?parent=22480"}],"curies":[{"name":"wp","href":"https:\/\/api.w.org\/{rel}","templated":true}]}}