{"id":22552,"date":"2025-11-07T12:21:34","date_gmt":"2025-11-07T11:21:34","guid":{"rendered":"https:\/\/www.btpequipement.tn\/toiles-polyurethane\/"},"modified":"2025-11-17T14:31:38","modified_gmt":"2025-11-17T13:31:38","slug":"toiles-polyurethane","status":"publish","type":"page","link":"https:\/\/www.btpequipement.tn\/en\/toiles-polyurethane\/","title":{"rendered":"POLYURETHANE MESHES"},"content":{"rendered":"\t\t<div data-elementor-type=\"wp-page\" data-elementor-id=\"22552\" class=\"elementor elementor-22552\">\n\t\t\t\t\t\t<section class=\"elementor-section elementor-top-section elementor-element elementor-element-49686de elementor-section-height-min-height elementor-section-content-top elementor-section-items-top elementor-section-boxed elementor-section-height-default sc_fly_static\" data-id=\"49686de\" data-element_type=\"section\">\n\t\t\t\t\t\t<div class=\"elementor-container elementor-column-gap-extended\">\n\t\t\t\t\t<div class=\"elementor-column elementor-col-100 elementor-top-column elementor-element elementor-element-f1dbf11 sc_layouts_column_align_center sc_layouts_column sc_content_align_inherit sc_layouts_column_icons_position_left sc_fly_static\" data-id=\"f1dbf11\" data-element_type=\"column\">\n\t\t\t<div class=\"elementor-widget-wrap elementor-element-populated\">\n\t\t\t\t\t\t<div class=\"elementor-element elementor-element-b5f1be0 elementor-view-default sc_fly_static elementor-widget elementor-widget-icon\" data-id=\"b5f1be0\" data-element_type=\"widget\" data-widget_type=\"icon.default\">\n\t\t\t\t<div class=\"elementor-widget-container\">\n\t\t\t\t\t\t\t<div class=\"elementor-icon-wrapper\">\n\t\t\t<a class=\"elementor-icon\" href=\"#anchor\">\n\t\t\t<svg xmlns=\"http:\/\/www.w3.org\/2000\/svg\" width=\"14.626\" height=\"8.639\" viewBox=\"0 0 14.626 8.639\"><g id=\"down-arrow\" transform=\"translate(0 -70.698)\"><g id=\"Group_8820\" data-name=\"Group 8820\" transform=\"translate(0 100.698)\"><path id=\"Path_6507\" data-name=\"Path 6507\" d=\"M14.392,101.42l-.479-.482a.8.8,0,0,0-1.132,0L7.316,106.4l-5.472-5.472a.8.8,0,0,0-1.132,0l-.479.479a.8.8,0,0,0,0,1.131l6.515,6.538a.818.818,0,0,0,.567.257h0a.818.818,0,0,0,.566-.257l6.508-6.52a.808.808,0,0,0,.234-.571A.8.8,0,0,0,14.392,101.42Z\" transform=\"translate(0 -130.698)\"><\/path><\/g><\/g><\/svg>\t\t\t<\/a>\n\t\t<\/div>\n\t\t\t\t\t\t<\/div>\n\t\t\t\t<\/div>\n\t\t\t\t\t<\/div>\n\t\t<\/div>\n\t\t\t\t\t<\/div>\n\t\t<\/section>\n\t\t\t\t<section class=\"elementor-section elementor-top-section elementor-element elementor-element-07505bc elementor-section-boxed elementor-section-height-default elementor-section-height-default sc_fly_static\" data-id=\"07505bc\" data-element_type=\"section\">\n\t\t\t\t\t\t<div class=\"elementor-container elementor-column-gap-extended\">\n\t\t\t\t\t<div class=\"elementor-column elementor-col-100 elementor-top-column elementor-element elementor-element-e81588a sc_content_align_inherit sc_layouts_column_icons_position_left sc_fly_static\" data-id=\"e81588a\" data-element_type=\"column\">\n\t\t\t<div class=\"elementor-widget-wrap elementor-element-populated\">\n\t\t\t\t\t\t<div class=\"elementor-element elementor-element-c75e150 sc_height_small sc_fly_static elementor-widget elementor-widget-spacer\" data-id=\"c75e150\" data-element_type=\"widget\" data-widget_type=\"spacer.default\">\n\t\t\t\t<div class=\"elementor-widget-container\">\n\t\t\t\t\t\t\t<div class=\"elementor-spacer\">\n\t\t\t<div class=\"elementor-spacer-inner\"><\/div>\n\t\t<\/div>\n\t\t\t\t\t\t<\/div>\n\t\t\t\t<\/div>\n\t\t\t\t\t<\/div>\n\t\t<\/div>\n\t\t\t\t\t<\/div>\n\t\t<\/section>\n\t\t\t\t<section class=\"elementor-section elementor-top-section elementor-element elementor-element-d0432b3 elementor-section-boxed elementor-section-height-default elementor-section-height-default sc_fly_static\" data-id=\"d0432b3\" data-element_type=\"section\" data-settings=\"{&quot;background_background&quot;:&quot;classic&quot;}\">\n\t\t\t\t\t\t<div class=\"elementor-container elementor-column-gap-extended\">\n\t\t\t\t\t<div class=\"elementor-column elementor-col-50 elementor-top-column elementor-element elementor-element-84a8000 sc_content_align_inherit sc_layouts_column_icons_position_left sc_fly_static\" data-id=\"84a8000\" data-element_type=\"column\">\n\t\t\t<div class=\"elementor-widget-wrap elementor-element-populated\">\n\t\t\t\t\t\t<div class=\"elementor-element elementor-element-fb358f3 no-title sc_fly_static elementor-widget elementor-widget-image\" data-id=\"fb358f3\" data-element_type=\"widget\" data-widget_type=\"image.default\">\n\t\t\t\t<div class=\"elementor-widget-container\">\n\t\t\t\t\t\t\t\t\t\t\t\t\t\t\t<img fetchpriority=\"high\" decoding=\"async\" width=\"1040\" height=\"1200\" src=\"https:\/\/www.btpequipement.tn\/wp-content\/uploads\/2025\/11\/POLYURETHANE-TENDU-1.png\" class=\"attachment-full size-full wp-image-22233\" alt=\"\" srcset=\"https:\/\/www.btpequipement.tn\/wp-content\/uploads\/2025\/11\/POLYURETHANE-TENDU-1.png 1040w, https:\/\/www.btpequipement.tn\/wp-content\/uploads\/2025\/11\/POLYURETHANE-TENDU-1-260x300.png 260w, https:\/\/www.btpequipement.tn\/wp-content\/uploads\/2025\/11\/POLYURETHANE-TENDU-1-887x1024.png 887w, https:\/\/www.btpequipement.tn\/wp-content\/uploads\/2025\/11\/POLYURETHANE-TENDU-1-768x886.png 768w, https:\/\/www.btpequipement.tn\/wp-content\/uploads\/2025\/11\/POLYURETHANE-TENDU-1-370x427.png 370w, https:\/\/www.btpequipement.tn\/wp-content\/uploads\/2025\/11\/POLYURETHANE-TENDU-1-840x969.png 840w, https:\/\/www.btpequipement.tn\/wp-content\/uploads\/2025\/11\/POLYURETHANE-TENDU-1-410x473.png 410w, https:\/\/www.btpequipement.tn\/wp-content\/uploads\/2025\/11\/POLYURETHANE-TENDU-1-750x865.png 750w\" sizes=\"(max-width: 1040px) 100vw, 1040px\" \/>\t\t\t\t\t\t\t\t\t\t\t\t\t\t\t<\/div>\n\t\t\t\t<\/div>\n\t\t\t\t\t<\/div>\n\t\t<\/div>\n\t\t\t\t<div class=\"elementor-column elementor-col-50 elementor-top-column elementor-element elementor-element-01e5864 sc_content_align_inherit sc_layouts_column_icons_position_left sc_fly_static\" data-id=\"01e5864\" data-element_type=\"column\">\n\t\t\t<div class=\"elementor-widget-wrap elementor-element-populated\">\n\t\t\t\t\t\t<div class=\"elementor-element elementor-element-003db52 sc_fly_static elementor-widget elementor-widget-spacer\" data-id=\"003db52\" data-element_type=\"widget\" data-widget_type=\"spacer.default\">\n\t\t\t\t<div class=\"elementor-widget-container\">\n\t\t\t\t\t\t\t<div class=\"elementor-spacer\">\n\t\t\t<div class=\"elementor-spacer-inner\"><\/div>\n\t\t<\/div>\n\t\t\t\t\t\t<\/div>\n\t\t\t\t<\/div>\n\t\t\t\t<div class=\"elementor-element elementor-element-ef97022 sc_fly_static elementor-widget elementor-widget-trx_sc_title\" data-id=\"ef97022\" data-element_type=\"widget\" data-widget_type=\"trx_sc_title.default\">\n\t\t\t\t<div class=\"elementor-widget-container\">\n\t\t\t\t\t<div\t\tclass=\"sc_title sc_title_default\" ><span class=\"sc_item_subtitle sc_title_subtitle sc_item_subtitle_above sc_item_title_style_default sc_item_subtitle_with_custom_color trx_addons_inline_962013928\">About us<\/span><h3 class=\"sc_item_title sc_title_title sc_item_title_style_default sc_item_title_tag\"\n\t\t\t><span class=\"sc_item_title_text\">POLYURETHANE MESHES<\/span><\/h3><div class=\"sc_item_descr sc_title_descr sc_item_descr_with_custom_color trx_addons_inline_253069391\"><p>The abrasion-resistant polyurethane used in the manufacture of our products is among the best on the market. This synthetic material stands out for its exceptional wear resistance, up to 10 to 15 times higher than steel.<\/p>\n<p>Thanks to these properties, the frequency of screen replacements is significantly reduced, while also contributing to a notable reduction in noise levels during screening operations.<\/p>\n<p>Our strictly controlled in-house manufacturing processes allow us to offer high-performance products. Each production step is optimized to ensure flawless finishing, guaranteeing extended service life and increased reliability of our solutions.<\/p>\n<\/div><\/div>\t\t\t\t<\/div>\n\t\t\t\t<\/div>\n\t\t\t\t<div class=\"elementor-element elementor-element-82fe474 sc_fly_static elementor-widget elementor-widget-trx_sc_button\" data-id=\"82fe474\" data-element_type=\"widget\" data-widget_type=\"trx_sc_button.default\">\n\t\t\t\t<div class=\"elementor-widget-container\">\n\t\t\t\t\t<div\tclass=\"sc_item_button sc_button_wrap sc_align_left\" ><a href=\"https:\/\/www.btpequipement.tn\/wp-content\/uploads\/2025\/11\/toiles-polyurethane-fr.pdf\" class=\"sc_button sc_button_default sc_button_size_normal sc_button_with_icon sc_button_icon_left\" ><span class=\"sc_button_icon\"><span class=\"icon-file-pdf\"><\/span><\/span><span class=\"sc_button_text\"><span class=\"sc_button_title\">Download PDF<\/span><\/span><\/a><\/div>\t\t\t\t<\/div>\n\t\t\t\t<\/div>\n\t\t\t\t<div class=\"elementor-element elementor-element-b87656a sc_fly_static elementor-widget elementor-widget-spacer\" data-id=\"b87656a\" data-element_type=\"widget\" data-widget_type=\"spacer.default\">\n\t\t\t\t<div class=\"elementor-widget-container\">\n\t\t\t\t\t\t\t<div class=\"elementor-spacer\">\n\t\t\t<div class=\"elementor-spacer-inner\"><\/div>\n\t\t<\/div>\n\t\t\t\t\t\t<\/div>\n\t\t\t\t<\/div>\n\t\t\t\t\t<\/div>\n\t\t<\/div>\n\t\t\t\t\t<\/div>\n\t\t<\/section>\n\t\t\t\t<\/div>\n\t\t","protected":false},"excerpt":{"rendered":"<p>About us POLYURETHANE MESHES The abrasion-resistant polyurethane used in the manufacture of our products is among the best on the market. This synthetic material stands out for its exceptional wear&hellip;<\/p>\n","protected":false},"author":1,"featured_media":0,"parent":0,"menu_order":0,"comment_status":"closed","ping_status":"closed","template":"","meta":{"footnotes":""},"class_list":["post-22552","page","type-page","status-publish","hentry"],"yoast_head":"<!-- This site is optimized with the Yoast SEO plugin v26.5 - https:\/\/yoast.com\/wordpress\/plugins\/seo\/ -->\n<title>POLYURETHANE MESHES - BTP Equipement<\/title>\n<meta name=\"description\" content=\"About usPOLYURETHANE MESHESThe abrasion-resistant polyurethane used in the manufacture of our products is among the best on the market. This synthetic\" \/>\n<meta name=\"robots\" content=\"index, follow, max-snippet:-1, max-image-preview:large, max-video-preview:-1\" \/>\n<link rel=\"canonical\" href=\"https:\/\/www.btpequipement.tn\/en\/toiles-polyurethane\/\" \/>\n<meta property=\"og:locale\" content=\"en_US\" \/>\n<meta property=\"og:type\" content=\"article\" \/>\n<meta property=\"og:title\" content=\"POLYURETHANE MESHES - BTP Equipement\" \/>\n<meta property=\"og:description\" content=\"About usPOLYURETHANE MESHESThe abrasion-resistant polyurethane used in the manufacture of our products is among the best on the market. This synthetic\" \/>\n<meta property=\"og:url\" content=\"https:\/\/www.btpequipement.tn\/en\/toiles-polyurethane\/\" \/>\n<meta property=\"og:site_name\" content=\"BTP Equipement\" \/>\n<meta property=\"article:publisher\" content=\"https:\/\/www.facebook.com\/people\/Btp-Equipement\/61576844644692\/\" \/>\n<meta property=\"article:modified_time\" content=\"2025-11-17T13:31:38+00:00\" \/>\n<meta property=\"og:image\" content=\"https:\/\/www.btpequipement.tn\/wp-content\/uploads\/2025\/11\/POLYURETHANE-TENDU-1.png\" \/>\n\t<meta property=\"og:image:width\" content=\"1040\" \/>\n\t<meta property=\"og:image:height\" content=\"1200\" \/>\n\t<meta property=\"og:image:type\" content=\"image\/png\" \/>\n<meta name=\"twitter:card\" content=\"summary_large_image\" \/>\n<script type=\"application\/ld+json\" class=\"yoast-schema-graph\">{\"@context\":\"https:\/\/schema.org\",\"@graph\":[{\"@type\":\"WebPage\",\"@id\":\"https:\/\/www.btpequipement.tn\/en\/toiles-polyurethane\/\",\"url\":\"https:\/\/www.btpequipement.tn\/en\/toiles-polyurethane\/\",\"name\":\"POLYURETHANE MESHES - BTP Equipement\",\"isPartOf\":{\"@id\":\"https:\/\/www.btpequipement.tn\/#website\"},\"primaryImageOfPage\":{\"@id\":\"https:\/\/www.btpequipement.tn\/en\/toiles-polyurethane\/#primaryimage\"},\"image\":{\"@id\":\"https:\/\/www.btpequipement.tn\/en\/toiles-polyurethane\/#primaryimage\"},\"thumbnailUrl\":\"https:\/\/www.btpequipement.tn\/wp-content\/uploads\/2025\/11\/POLYURETHANE-TENDU-1.png\",\"datePublished\":\"2025-11-07T11:21:34+00:00\",\"dateModified\":\"2025-11-17T13:31:38+00:00\",\"description\":\"About usPOLYURETHANE MESHESThe abrasion-resistant polyurethane used in the manufacture of our products is among the best on the market. This synthetic\",\"breadcrumb\":{\"@id\":\"https:\/\/www.btpequipement.tn\/en\/toiles-polyurethane\/#breadcrumb\"},\"inLanguage\":\"en-US\",\"potentialAction\":[{\"@type\":\"ReadAction\",\"target\":[\"https:\/\/www.btpequipement.tn\/en\/toiles-polyurethane\/\"]}]},{\"@type\":\"ImageObject\",\"inLanguage\":\"en-US\",\"@id\":\"https:\/\/www.btpequipement.tn\/en\/toiles-polyurethane\/#primaryimage\",\"url\":\"https:\/\/www.btpequipement.tn\/wp-content\/uploads\/2025\/11\/POLYURETHANE-TENDU-1.png\",\"contentUrl\":\"https:\/\/www.btpequipement.tn\/wp-content\/uploads\/2025\/11\/POLYURETHANE-TENDU-1.png\"},{\"@type\":\"BreadcrumbList\",\"@id\":\"https:\/\/www.btpequipement.tn\/en\/toiles-polyurethane\/#breadcrumb\",\"itemListElement\":[{\"@type\":\"ListItem\",\"position\":1,\"name\":\"Accueil\",\"item\":\"https:\/\/www.btpequipement.tn\/\"},{\"@type\":\"ListItem\",\"position\":2,\"name\":\"POLYURETHANE MESHES\"}]},{\"@type\":\"WebSite\",\"@id\":\"https:\/\/www.btpequipement.tn\/#website\",\"url\":\"https:\/\/www.btpequipement.tn\/\",\"name\":\"BTP Equipement - Mat\u00e9riels et \u00c9quipements de Chantier\",\"description\":\"Mat\u00e9riel et \u00c9quipements de Chantier Haut de Gamme\",\"publisher\":{\"@id\":\"https:\/\/www.btpequipement.tn\/#organization\"},\"potentialAction\":[{\"@type\":\"SearchAction\",\"target\":{\"@type\":\"EntryPoint\",\"urlTemplate\":\"https:\/\/www.btpequipement.tn\/?s={search_term_string}\"},\"query-input\":{\"@type\":\"PropertyValueSpecification\",\"valueRequired\":true,\"valueName\":\"search_term_string\"}}],\"inLanguage\":\"en-US\"},{\"@type\":\"Organization\",\"@id\":\"https:\/\/www.btpequipement.tn\/#organization\",\"name\":\"BTP Equipement\",\"url\":\"https:\/\/www.btpequipement.tn\/\",\"logo\":{\"@type\":\"ImageObject\",\"inLanguage\":\"en-US\",\"@id\":\"https:\/\/www.btpequipement.tn\/#\/schema\/logo\/image\/\",\"url\":\"https:\/\/www.btpequipement.tn\/wp-content\/uploads\/2024\/05\/logo-btp.svg\",\"contentUrl\":\"https:\/\/www.btpequipement.tn\/wp-content\/uploads\/2024\/05\/logo-btp.svg\",\"width\":220,\"height\":96,\"caption\":\"BTP Equipement\"},\"image\":{\"@id\":\"https:\/\/www.btpequipement.tn\/#\/schema\/logo\/image\/\"},\"sameAs\":[\"https:\/\/www.facebook.com\/people\/Btp-Equipement\/61576844644692\/\",\"https:\/\/www.instagram.com\/btp.equipement\/\"]}]}<\/script>\n<!-- \/ Yoast SEO plugin. -->","yoast_head_json":{"title":"POLYURETHANE MESHES - BTP Equipement","description":"About usPOLYURETHANE MESHESThe abrasion-resistant polyurethane used in the manufacture of our products is among the best on the market. This synthetic","robots":{"index":"index","follow":"follow","max-snippet":"max-snippet:-1","max-image-preview":"max-image-preview:large","max-video-preview":"max-video-preview:-1"},"canonical":"https:\/\/www.btpequipement.tn\/en\/toiles-polyurethane\/","og_locale":"en_US","og_type":"article","og_title":"POLYURETHANE MESHES - BTP Equipement","og_description":"About usPOLYURETHANE MESHESThe abrasion-resistant polyurethane used in the manufacture of our products is among the best on the market. This synthetic","og_url":"https:\/\/www.btpequipement.tn\/en\/toiles-polyurethane\/","og_site_name":"BTP Equipement","article_publisher":"https:\/\/www.facebook.com\/people\/Btp-Equipement\/61576844644692\/","article_modified_time":"2025-11-17T13:31:38+00:00","og_image":[{"width":1040,"height":1200,"url":"https:\/\/www.btpequipement.tn\/wp-content\/uploads\/2025\/11\/POLYURETHANE-TENDU-1.png","type":"image\/png"}],"twitter_card":"summary_large_image","schema":{"@context":"https:\/\/schema.org","@graph":[{"@type":"WebPage","@id":"https:\/\/www.btpequipement.tn\/en\/toiles-polyurethane\/","url":"https:\/\/www.btpequipement.tn\/en\/toiles-polyurethane\/","name":"POLYURETHANE MESHES - BTP Equipement","isPartOf":{"@id":"https:\/\/www.btpequipement.tn\/#website"},"primaryImageOfPage":{"@id":"https:\/\/www.btpequipement.tn\/en\/toiles-polyurethane\/#primaryimage"},"image":{"@id":"https:\/\/www.btpequipement.tn\/en\/toiles-polyurethane\/#primaryimage"},"thumbnailUrl":"https:\/\/www.btpequipement.tn\/wp-content\/uploads\/2025\/11\/POLYURETHANE-TENDU-1.png","datePublished":"2025-11-07T11:21:34+00:00","dateModified":"2025-11-17T13:31:38+00:00","description":"About usPOLYURETHANE MESHESThe abrasion-resistant polyurethane used in the manufacture of our products is among the best on the market. This synthetic","breadcrumb":{"@id":"https:\/\/www.btpequipement.tn\/en\/toiles-polyurethane\/#breadcrumb"},"inLanguage":"en-US","potentialAction":[{"@type":"ReadAction","target":["https:\/\/www.btpequipement.tn\/en\/toiles-polyurethane\/"]}]},{"@type":"ImageObject","inLanguage":"en-US","@id":"https:\/\/www.btpequipement.tn\/en\/toiles-polyurethane\/#primaryimage","url":"https:\/\/www.btpequipement.tn\/wp-content\/uploads\/2025\/11\/POLYURETHANE-TENDU-1.png","contentUrl":"https:\/\/www.btpequipement.tn\/wp-content\/uploads\/2025\/11\/POLYURETHANE-TENDU-1.png"},{"@type":"BreadcrumbList","@id":"https:\/\/www.btpequipement.tn\/en\/toiles-polyurethane\/#breadcrumb","itemListElement":[{"@type":"ListItem","position":1,"name":"Accueil","item":"https:\/\/www.btpequipement.tn\/"},{"@type":"ListItem","position":2,"name":"POLYURETHANE MESHES"}]},{"@type":"WebSite","@id":"https:\/\/www.btpequipement.tn\/#website","url":"https:\/\/www.btpequipement.tn\/","name":"BTP Equipement - Mat\u00e9riels et \u00c9quipements de Chantier","description":"Mat\u00e9riel et \u00c9quipements de Chantier Haut de Gamme","publisher":{"@id":"https:\/\/www.btpequipement.tn\/#organization"},"potentialAction":[{"@type":"SearchAction","target":{"@type":"EntryPoint","urlTemplate":"https:\/\/www.btpequipement.tn\/?s={search_term_string}"},"query-input":{"@type":"PropertyValueSpecification","valueRequired":true,"valueName":"search_term_string"}}],"inLanguage":"en-US"},{"@type":"Organization","@id":"https:\/\/www.btpequipement.tn\/#organization","name":"BTP Equipement","url":"https:\/\/www.btpequipement.tn\/","logo":{"@type":"ImageObject","inLanguage":"en-US","@id":"https:\/\/www.btpequipement.tn\/#\/schema\/logo\/image\/","url":"https:\/\/www.btpequipement.tn\/wp-content\/uploads\/2024\/05\/logo-btp.svg","contentUrl":"https:\/\/www.btpequipement.tn\/wp-content\/uploads\/2024\/05\/logo-btp.svg","width":220,"height":96,"caption":"BTP Equipement"},"image":{"@id":"https:\/\/www.btpequipement.tn\/#\/schema\/logo\/image\/"},"sameAs":["https:\/\/www.facebook.com\/people\/Btp-Equipement\/61576844644692\/","https:\/\/www.instagram.com\/btp.equipement\/"]}]}},"_links":{"self":[{"href":"https:\/\/www.btpequipement.tn\/en\/wp-json\/wp\/v2\/pages\/22552","targetHints":{"allow":["GET"]}}],"collection":[{"href":"https:\/\/www.btpequipement.tn\/en\/wp-json\/wp\/v2\/pages"}],"about":[{"href":"https:\/\/www.btpequipement.tn\/en\/wp-json\/wp\/v2\/types\/page"}],"author":[{"embeddable":true,"href":"https:\/\/www.btpequipement.tn\/en\/wp-json\/wp\/v2\/users\/1"}],"replies":[{"embeddable":true,"href":"https:\/\/www.btpequipement.tn\/en\/wp-json\/wp\/v2\/comments?post=22552"}],"version-history":[{"count":10,"href":"https:\/\/www.btpequipement.tn\/en\/wp-json\/wp\/v2\/pages\/22552\/revisions"}],"predecessor-version":[{"id":23114,"href":"https:\/\/www.btpequipement.tn\/en\/wp-json\/wp\/v2\/pages\/22552\/revisions\/23114"}],"wp:attachment":[{"href":"https:\/\/www.btpequipement.tn\/en\/wp-json\/wp\/v2\/media?parent=22552"}],"curies":[{"name":"wp","href":"https:\/\/api.w.org\/{rel}","templated":true}]}}