{"id":22593,"date":"2025-11-04T16:15:49","date_gmt":"2025-11-04T15:15:49","guid":{"rendered":"https:\/\/www.btpequipement.tn\/nos-actualites\/"},"modified":"2025-12-25T10:35:42","modified_gmt":"2025-12-25T09:35:42","slug":"nos-actualites","status":"publish","type":"page","link":"https:\/\/www.btpequipement.tn\/en\/nos-actualites\/","title":{"rendered":"News"},"content":{"rendered":"\t\t<div data-elementor-type=\"wp-page\" data-elementor-id=\"22593\" class=\"elementor elementor-22593\">\n\t\t\t\t\t\t<section class=\"elementor-section elementor-top-section elementor-element elementor-element-49686de elementor-section-height-min-height elementor-section-content-top elementor-section-items-top elementor-section-boxed elementor-section-height-default sc_fly_static\" data-id=\"49686de\" data-element_type=\"section\">\n\t\t\t\t\t\t<div class=\"elementor-container elementor-column-gap-extended\">\n\t\t\t\t\t<div class=\"elementor-column elementor-col-100 elementor-top-column elementor-element elementor-element-f1dbf11 sc_layouts_column_align_center sc_layouts_column sc_content_align_inherit sc_layouts_column_icons_position_left sc_fly_static\" data-id=\"f1dbf11\" data-element_type=\"column\">\n\t\t\t<div class=\"elementor-widget-wrap elementor-element-populated\">\n\t\t\t\t\t\t<div class=\"elementor-element elementor-element-b5f1be0 elementor-view-default sc_fly_static elementor-widget elementor-widget-icon\" data-id=\"b5f1be0\" data-element_type=\"widget\" data-widget_type=\"icon.default\">\n\t\t\t\t<div class=\"elementor-widget-container\">\n\t\t\t\t\t\t\t<div class=\"elementor-icon-wrapper\">\n\t\t\t<a class=\"elementor-icon\" href=\"#anchor\">\n\t\t\t<svg xmlns=\"http:\/\/www.w3.org\/2000\/svg\" width=\"14.626\" height=\"8.639\" viewBox=\"0 0 14.626 8.639\"><g id=\"down-arrow\" transform=\"translate(0 -70.698)\"><g id=\"Group_8820\" data-name=\"Group 8820\" transform=\"translate(0 100.698)\"><path id=\"Path_6507\" data-name=\"Path 6507\" d=\"M14.392,101.42l-.479-.482a.8.8,0,0,0-1.132,0L7.316,106.4l-5.472-5.472a.8.8,0,0,0-1.132,0l-.479.479a.8.8,0,0,0,0,1.131l6.515,6.538a.818.818,0,0,0,.567.257h0a.818.818,0,0,0,.566-.257l6.508-6.52a.808.808,0,0,0,.234-.571A.8.8,0,0,0,14.392,101.42Z\" transform=\"translate(0 -130.698)\"><\/path><\/g><\/g><\/svg>\t\t\t<\/a>\n\t\t<\/div>\n\t\t\t\t\t\t<\/div>\n\t\t\t\t<\/div>\n\t\t\t\t\t<\/div>\n\t\t<\/div>\n\t\t\t\t\t<\/div>\n\t\t<\/section>\n\t\t\t\t<section data-animation-type=\"sequental\" data-animation-stagger=\"\" class=\"elementor-section elementor-top-section elementor-element elementor-element-bd2d3c6 animation_type_sequental elementor-section-boxed elementor-section-height-default elementor-section-height-default sc_fly_static elementor-invisible\" data-id=\"bd2d3c6\" data-element_type=\"section\" data-settings=\"{&quot;animation&quot;:&quot;kayon-fadeinup&quot;,&quot;animation_delay&quot;:100}\">\n\t\t\t\t\t\t<div class=\"elementor-container elementor-column-gap-extended\">\n\t\t\t\t\t<div class=\"elementor-column elementor-col-50 elementor-top-column elementor-element elementor-element-c2428a5 sc_content_align_inherit sc_layouts_column_icons_position_left sc_fly_static\" data-id=\"c2428a5\" data-element_type=\"column\">\n\t\t\t<div class=\"elementor-widget-wrap elementor-element-populated\">\n\t\t\t\t\t\t<div class=\"elementor-element elementor-element-d597d95 sc_fly_static elementor-widget elementor-widget-trx_sc_title\" data-id=\"d597d95\" data-element_type=\"widget\" data-widget_type=\"trx_sc_title.default\">\n\t\t\t\t<div class=\"elementor-widget-container\">\n\t\t\t\t\t<div\t\tclass=\"sc_title sc_title_default\" ><span class=\"sc_item_subtitle sc_title_subtitle sc_item_subtitle_above sc_item_title_style_default\">The Latest News from BTP Equipement<\/span><h1 class=\"sc_item_title sc_title_title sc_item_title_style_default sc_item_title_tag\"\n\t\t\t><span class=\"sc_item_title_text\">Stay connected to discover our latest innovations!<\/span><\/h1><\/div>\t\t\t\t<\/div>\n\t\t\t\t<\/div>\n\t\t\t\t\t<\/div>\n\t\t<\/div>\n\t\t\t\t<div class=\"elementor-column elementor-col-50 elementor-top-column elementor-element elementor-element-f1ef21c sc_content_align_inherit sc_layouts_column_icons_position_left sc_fly_static\" data-id=\"f1ef21c\" data-element_type=\"column\">\n\t\t\t<div class=\"elementor-widget-wrap elementor-element-populated\">\n\t\t\t\t\t\t<div class=\"elementor-element elementor-element-dd14a72 sc_fly_static elementor-widget elementor-widget-text-editor\" data-id=\"dd14a72\" data-element_type=\"widget\" data-widget_type=\"text-editor.default\">\n\t\t\t\t<div class=\"elementor-widget-container\">\n\t\t\t\t\t\t\t\t\t<p data-start=\"0\" data-end=\"98\" data-is-last-node=\"\" data-is-only-node=\"\">At BTP Equipement, we are constantly at the forefront of developments in the public works sector.<\/p>\n\n\t\t\t\t\t\t\t\t<\/div>\n\t\t\t\t<\/div>\n\t\t\t\t\t<\/div>\n\t\t<\/div>\n\t\t\t\t\t<\/div>\n\t\t<\/section>\n\t\t\t\t<section class=\"elementor-section elementor-top-section elementor-element elementor-element-5a2b96c elementor-section-boxed elementor-section-height-default elementor-section-height-default sc_fly_static\" data-id=\"5a2b96c\" data-element_type=\"section\">\n\t\t\t\t\t\t<div class=\"elementor-container elementor-column-gap-extended\">\n\t\t\t\t\t<div class=\"elementor-column elementor-col-100 elementor-top-column elementor-element elementor-element-d196fbf sc_content_align_inherit sc_layouts_column_icons_position_left sc_fly_static\" data-id=\"d196fbf\" data-element_type=\"column\">\n\t\t\t<div class=\"elementor-widget-wrap elementor-element-populated\">\n\t\t\t\t\t\t<div class=\"elementor-element elementor-element-cdd58c8 sc_style_default sc_fly_static elementor-widget elementor-widget-trx_sc_blogger\" data-id=\"cdd58c8\" data-element_type=\"widget\" data-widget_type=\"trx_sc_blogger.default\">\n\t\t\t\t<div class=\"elementor-widget-container\">\n\t\t\t\t\t<div \t\tclass=\"sc_blogger sc_blogger_portestate sc_blogger_portestate_default sc_item_filters_tabs_none alignnone\" ><div class=\"sc_blogger_columns_wrap sc_item_columns sc_item_posts_container trx_addons_columns_wrap columns_padding_bottom columns_in_single_row\" ><div class=\"trx_addons_column-1_2\"><div data-post-id=\"22330\" data-item-number=\"1\" class=\"sc_blogger_item sc_item_container post_container sc_blogger_item_portestate sc_blogger_item_portestate_default sc_blogger_item_odd sc_blogger_item_align_none post_format_standard sc_blogger_item_with_image sc_blogger_item_no_excerpt sc_blogger_item_image_position_top post-22330 post type-post status-publish format-standard has-post-thumbnail hentry category-actualites-en\" ><div class=\"sc_blogger_item_body\"><div class=\"post_featured with_thumb hover_link sc_item_featured sc_blogger_item_featured post_featured_bg\" data-ratio=\"4:3\"><span class=\"post_thumb post_thumb_bg bg_in kayon_inline_1384595673\"><\/span>\t\t\t\t\t\t<div class=\"mask\"><\/div>\n\t\t\t\t\t\t\t\t\t<a href=\"https:\/\/www.btpequipement.tn\/en\/developpement-de-notre-nouveau-site-web\/\"  aria-hidden=\"true\" class=\"link\"><\/a>\n\t\t\t<\/div><div class=\"sc_blogger_item_content entry-content\"><h5 class=\"sc_blogger_item_title entry-title\" data-item-number=\"1\"><a href=\"https:\/\/www.btpequipement.tn\/en\/developpement-de-notre-nouveau-site-web\/\" rel=\"bookmark\">Development of our new website<\/a><\/h5><div class=\"post_meta sc_blogger_item_meta post_meta_categories\"><span class=\"post_meta_item post_categories cat_sep\"><a href=\"https:\/\/www.btpequipement.tn\/en\/category\/actualites-en\/\" rel=\"category tag\">Actualit\u00e9s<\/a><span class=\"post_meta_item_cat_separator\">, <\/span><a href=\"https:\/\/www.btpequipement.tn\/en\/category\/actualites-en\/\" rel=\"category tag\">Actualit\u00e9s<\/a><\/span><\/div><\/div><!-- .entry-content --><\/div><!-- .sc_blogger_item_body --><\/div><!-- .sc_blogger_item --><\/div><div class=\"trx_addons_column-1_2\"><div data-post-id=\"22334\" data-item-number=\"2\" class=\"sc_blogger_item sc_item_container post_container sc_blogger_item_portestate sc_blogger_item_portestate_default sc_blogger_item_even sc_blogger_item_align_none post_format_standard sc_blogger_item_with_image sc_blogger_item_no_excerpt sc_blogger_item_image_position_top post-22334 post type-post status-publish format-standard has-post-thumbnail hentry tag-elevation-en tag-ideas-en tag-plumbing-en\" ><div class=\"sc_blogger_item_body\"><div class=\"post_featured with_thumb hover_link sc_item_featured sc_blogger_item_featured post_featured_bg\" data-ratio=\"4:3\"><span class=\"post_thumb post_thumb_bg bg_in kayon_inline_1026722972\"><\/span>\t\t\t\t\t\t<div class=\"mask\"><\/div>\n\t\t\t\t\t\t\t\t\t<a href=\"https:\/\/www.btpequipement.tn\/en\/cutting-edge-innovations-in-hardware-technology\/\"  aria-hidden=\"true\" class=\"link\"><\/a>\n\t\t\t<\/div><div class=\"sc_blogger_item_content entry-content\"><h5 class=\"sc_blogger_item_title entry-title\" data-item-number=\"2\"><a href=\"https:\/\/www.btpequipement.tn\/en\/cutting-edge-innovations-in-hardware-technology\/\" rel=\"bookmark\">Participation of our company BTP Equipement Guizani in the 2025 Mediterranean Building Exhibition Medibat<\/a><\/h5><div class=\"post_meta sc_blogger_item_meta post_meta_categories\"><span class=\"post_meta_item post_categories cat_sep\">Uncategorized<\/span><\/div><\/div><!-- .entry-content --><\/div><!-- .sc_blogger_item_body --><\/div><!-- .sc_blogger_item --><\/div><\/div><\/div>\t\t\t\t<\/div>\n\t\t\t\t<\/div>\n\t\t\t\t\t<\/div>\n\t\t<\/div>\n\t\t\t\t\t<\/div>\n\t\t<\/section>\n\t\t\t\t<\/div>\n\t\t","protected":false},"excerpt":{"rendered":"<p>The Latest News from BTP Equipement Stay connected to discover our latest innovations! At BTP Equipement, we are constantly at the forefront of developments in the public works sector. D\u00e9veloppement&hellip;<\/p>\n","protected":false},"author":1,"featured_media":0,"parent":0,"menu_order":0,"comment_status":"closed","ping_status":"closed","template":"","meta":{"footnotes":""},"class_list":["post-22593","page","type-page","status-publish","hentry"],"yoast_head":"<!-- This site is optimized with the Yoast SEO plugin v26.5 - https:\/\/yoast.com\/wordpress\/plugins\/seo\/ -->\n<title>Construction site news &amp; construction equipment in Tunisia<\/title>\n<meta name=\"description\" content=\"Technical updates, product launches, and site case studies for contractors in Tunisia. Stay informed on BTP trends.\" \/>\n<meta name=\"robots\" content=\"index, follow, max-snippet:-1, max-image-preview:large, max-video-preview:-1\" \/>\n<link rel=\"canonical\" href=\"https:\/\/www.btpequipement.tn\/en\/nos-actualites\/\" \/>\n<meta property=\"og:locale\" content=\"en_US\" \/>\n<meta property=\"og:type\" content=\"article\" \/>\n<meta property=\"og:title\" content=\"Construction site news &amp; construction equipment in Tunisia\" \/>\n<meta property=\"og:description\" content=\"Technical updates, product launches, and site case studies for contractors in Tunisia. Stay informed on BTP trends.\" \/>\n<meta property=\"og:url\" content=\"https:\/\/www.btpequipement.tn\/en\/nos-actualites\/\" \/>\n<meta property=\"og:site_name\" content=\"BTP Equipement\" \/>\n<meta property=\"article:publisher\" content=\"https:\/\/www.facebook.com\/people\/Btp-Equipement\/61576844644692\/\" \/>\n<meta property=\"article:modified_time\" content=\"2025-12-25T09:35:42+00:00\" \/>\n<meta property=\"og:image\" content=\"https:\/\/www.btpequipement.tn\/wp-content\/uploads\/2025\/12\/1er-slider-min.png\" \/>\n\t<meta property=\"og:image:width\" content=\"1920\" \/>\n\t<meta property=\"og:image:height\" content=\"1200\" \/>\n\t<meta property=\"og:image:type\" content=\"image\/png\" \/>\n<meta name=\"twitter:card\" content=\"summary_large_image\" \/>\n<meta name=\"twitter:label1\" content=\"Est. reading time\" \/>\n\t<meta name=\"twitter:data1\" content=\"1 minute\" \/>\n<script type=\"application\/ld+json\" class=\"yoast-schema-graph\">{\"@context\":\"https:\/\/schema.org\",\"@graph\":[{\"@type\":\"WebPage\",\"@id\":\"https:\/\/www.btpequipement.tn\/en\/nos-actualites\/\",\"url\":\"https:\/\/www.btpequipement.tn\/en\/nos-actualites\/\",\"name\":\"Construction site news & construction equipment in Tunisia\",\"isPartOf\":{\"@id\":\"https:\/\/www.btpequipement.tn\/#website\"},\"datePublished\":\"2025-11-04T15:15:49+00:00\",\"dateModified\":\"2025-12-25T09:35:42+00:00\",\"description\":\"Technical updates, product launches, and site case studies for contractors in Tunisia. Stay informed on BTP trends.\",\"breadcrumb\":{\"@id\":\"https:\/\/www.btpequipement.tn\/en\/nos-actualites\/#breadcrumb\"},\"inLanguage\":\"en-US\",\"potentialAction\":[{\"@type\":\"ReadAction\",\"target\":[\"https:\/\/www.btpequipement.tn\/en\/nos-actualites\/\"]}]},{\"@type\":\"BreadcrumbList\",\"@id\":\"https:\/\/www.btpequipement.tn\/en\/nos-actualites\/#breadcrumb\",\"itemListElement\":[{\"@type\":\"ListItem\",\"position\":1,\"name\":\"Accueil\",\"item\":\"https:\/\/www.btpequipement.tn\/\"},{\"@type\":\"ListItem\",\"position\":2,\"name\":\"News\"}]},{\"@type\":\"WebSite\",\"@id\":\"https:\/\/www.btpequipement.tn\/#website\",\"url\":\"https:\/\/www.btpequipement.tn\/\",\"name\":\"BTP Equipement - Mat\u00e9riels et \u00c9quipements de Chantier\",\"description\":\"Mat\u00e9riel et \u00c9quipements de Chantier Haut de Gamme\",\"publisher\":{\"@id\":\"https:\/\/www.btpequipement.tn\/#organization\"},\"potentialAction\":[{\"@type\":\"SearchAction\",\"target\":{\"@type\":\"EntryPoint\",\"urlTemplate\":\"https:\/\/www.btpequipement.tn\/?s={search_term_string}\"},\"query-input\":{\"@type\":\"PropertyValueSpecification\",\"valueRequired\":true,\"valueName\":\"search_term_string\"}}],\"inLanguage\":\"en-US\"},{\"@type\":\"Organization\",\"@id\":\"https:\/\/www.btpequipement.tn\/#organization\",\"name\":\"BTP Equipement\",\"url\":\"https:\/\/www.btpequipement.tn\/\",\"logo\":{\"@type\":\"ImageObject\",\"inLanguage\":\"en-US\",\"@id\":\"https:\/\/www.btpequipement.tn\/#\/schema\/logo\/image\/\",\"url\":\"https:\/\/www.btpequipement.tn\/wp-content\/uploads\/2024\/05\/logo-btp.svg\",\"contentUrl\":\"https:\/\/www.btpequipement.tn\/wp-content\/uploads\/2024\/05\/logo-btp.svg\",\"width\":220,\"height\":96,\"caption\":\"BTP Equipement\"},\"image\":{\"@id\":\"https:\/\/www.btpequipement.tn\/#\/schema\/logo\/image\/\"},\"sameAs\":[\"https:\/\/www.facebook.com\/people\/Btp-Equipement\/61576844644692\/\",\"https:\/\/www.instagram.com\/btp.equipement\/\"]}]}<\/script>\n<!-- \/ Yoast SEO plugin. -->","yoast_head_json":{"title":"Construction site news & construction equipment in Tunisia","description":"Technical updates, product launches, and site case studies for contractors in Tunisia. Stay informed on BTP trends.","robots":{"index":"index","follow":"follow","max-snippet":"max-snippet:-1","max-image-preview":"max-image-preview:large","max-video-preview":"max-video-preview:-1"},"canonical":"https:\/\/www.btpequipement.tn\/en\/nos-actualites\/","og_locale":"en_US","og_type":"article","og_title":"Construction site news & construction equipment in Tunisia","og_description":"Technical updates, product launches, and site case studies for contractors in Tunisia. Stay informed on BTP trends.","og_url":"https:\/\/www.btpequipement.tn\/en\/nos-actualites\/","og_site_name":"BTP Equipement","article_publisher":"https:\/\/www.facebook.com\/people\/Btp-Equipement\/61576844644692\/","article_modified_time":"2025-12-25T09:35:42+00:00","og_image":[{"width":1920,"height":1200,"url":"https:\/\/www.btpequipement.tn\/wp-content\/uploads\/2025\/12\/1er-slider-min.png","type":"image\/png"}],"twitter_card":"summary_large_image","twitter_misc":{"Est. reading time":"1 minute"},"schema":{"@context":"https:\/\/schema.org","@graph":[{"@type":"WebPage","@id":"https:\/\/www.btpequipement.tn\/en\/nos-actualites\/","url":"https:\/\/www.btpequipement.tn\/en\/nos-actualites\/","name":"Construction site news & construction equipment in Tunisia","isPartOf":{"@id":"https:\/\/www.btpequipement.tn\/#website"},"datePublished":"2025-11-04T15:15:49+00:00","dateModified":"2025-12-25T09:35:42+00:00","description":"Technical updates, product launches, and site case studies for contractors in Tunisia. Stay informed on BTP trends.","breadcrumb":{"@id":"https:\/\/www.btpequipement.tn\/en\/nos-actualites\/#breadcrumb"},"inLanguage":"en-US","potentialAction":[{"@type":"ReadAction","target":["https:\/\/www.btpequipement.tn\/en\/nos-actualites\/"]}]},{"@type":"BreadcrumbList","@id":"https:\/\/www.btpequipement.tn\/en\/nos-actualites\/#breadcrumb","itemListElement":[{"@type":"ListItem","position":1,"name":"Accueil","item":"https:\/\/www.btpequipement.tn\/"},{"@type":"ListItem","position":2,"name":"News"}]},{"@type":"WebSite","@id":"https:\/\/www.btpequipement.tn\/#website","url":"https:\/\/www.btpequipement.tn\/","name":"BTP Equipement - Mat\u00e9riels et \u00c9quipements de Chantier","description":"Mat\u00e9riel et \u00c9quipements de Chantier Haut de Gamme","publisher":{"@id":"https:\/\/www.btpequipement.tn\/#organization"},"potentialAction":[{"@type":"SearchAction","target":{"@type":"EntryPoint","urlTemplate":"https:\/\/www.btpequipement.tn\/?s={search_term_string}"},"query-input":{"@type":"PropertyValueSpecification","valueRequired":true,"valueName":"search_term_string"}}],"inLanguage":"en-US"},{"@type":"Organization","@id":"https:\/\/www.btpequipement.tn\/#organization","name":"BTP Equipement","url":"https:\/\/www.btpequipement.tn\/","logo":{"@type":"ImageObject","inLanguage":"en-US","@id":"https:\/\/www.btpequipement.tn\/#\/schema\/logo\/image\/","url":"https:\/\/www.btpequipement.tn\/wp-content\/uploads\/2024\/05\/logo-btp.svg","contentUrl":"https:\/\/www.btpequipement.tn\/wp-content\/uploads\/2024\/05\/logo-btp.svg","width":220,"height":96,"caption":"BTP Equipement"},"image":{"@id":"https:\/\/www.btpequipement.tn\/#\/schema\/logo\/image\/"},"sameAs":["https:\/\/www.facebook.com\/people\/Btp-Equipement\/61576844644692\/","https:\/\/www.instagram.com\/btp.equipement\/"]}]}},"_links":{"self":[{"href":"https:\/\/www.btpequipement.tn\/en\/wp-json\/wp\/v2\/pages\/22593","targetHints":{"allow":["GET"]}}],"collection":[{"href":"https:\/\/www.btpequipement.tn\/en\/wp-json\/wp\/v2\/pages"}],"about":[{"href":"https:\/\/www.btpequipement.tn\/en\/wp-json\/wp\/v2\/types\/page"}],"author":[{"embeddable":true,"href":"https:\/\/www.btpequipement.tn\/en\/wp-json\/wp\/v2\/users\/1"}],"replies":[{"embeddable":true,"href":"https:\/\/www.btpequipement.tn\/en\/wp-json\/wp\/v2\/comments?post=22593"}],"version-history":[{"count":19,"href":"https:\/\/www.btpequipement.tn\/en\/wp-json\/wp\/v2\/pages\/22593\/revisions"}],"predecessor-version":[{"id":23948,"href":"https:\/\/www.btpequipement.tn\/en\/wp-json\/wp\/v2\/pages\/22593\/revisions\/23948"}],"wp:attachment":[{"href":"https:\/\/www.btpequipement.tn\/en\/wp-json\/wp\/v2\/media?parent=22593"}],"curies":[{"name":"wp","href":"https:\/\/api.w.org\/{rel}","templated":true}]}}