{"id":22690,"date":"2025-11-13T17:13:13","date_gmt":"2025-11-13T16:13:13","guid":{"rendered":"https:\/\/www.btpequipement.tn\/nos-services\/"},"modified":"2025-12-25T10:34:20","modified_gmt":"2025-12-25T09:34:20","slug":"nos-services","status":"publish","type":"page","link":"https:\/\/www.btpequipement.tn\/en\/nos-services\/","title":{"rendered":"Our Services"},"content":{"rendered":"\t\t<div data-elementor-type=\"wp-page\" data-elementor-id=\"22690\" class=\"elementor elementor-22690\">\n\t\t\t\t\t\t<section class=\"elementor-section elementor-top-section elementor-element elementor-element-49686de elementor-section-height-min-height elementor-section-content-top elementor-section-items-top elementor-section-boxed elementor-section-height-default sc_fly_static\" data-id=\"49686de\" data-element_type=\"section\">\n\t\t\t\t\t\t<div class=\"elementor-container elementor-column-gap-extended\">\n\t\t\t\t\t<div class=\"elementor-column elementor-col-100 elementor-top-column elementor-element elementor-element-f1dbf11 sc_layouts_column_align_center sc_layouts_column sc_content_align_inherit sc_layouts_column_icons_position_left sc_fly_static\" data-id=\"f1dbf11\" data-element_type=\"column\">\n\t\t\t<div class=\"elementor-widget-wrap elementor-element-populated\">\n\t\t\t\t\t\t<div class=\"elementor-element elementor-element-b5f1be0 elementor-view-default sc_fly_static elementor-widget elementor-widget-icon\" data-id=\"b5f1be0\" data-element_type=\"widget\" data-widget_type=\"icon.default\">\n\t\t\t\t<div class=\"elementor-widget-container\">\n\t\t\t\t\t\t\t<div class=\"elementor-icon-wrapper\">\n\t\t\t<a class=\"elementor-icon\" href=\"#anchor\">\n\t\t\t<svg xmlns=\"http:\/\/www.w3.org\/2000\/svg\" width=\"14.626\" height=\"8.639\" viewBox=\"0 0 14.626 8.639\"><g id=\"down-arrow\" transform=\"translate(0 -70.698)\"><g id=\"Group_8820\" data-name=\"Group 8820\" transform=\"translate(0 100.698)\"><path id=\"Path_6507\" data-name=\"Path 6507\" d=\"M14.392,101.42l-.479-.482a.8.8,0,0,0-1.132,0L7.316,106.4l-5.472-5.472a.8.8,0,0,0-1.132,0l-.479.479a.8.8,0,0,0,0,1.131l6.515,6.538a.818.818,0,0,0,.567.257h0a.818.818,0,0,0,.566-.257l6.508-6.52a.808.808,0,0,0,.234-.571A.8.8,0,0,0,14.392,101.42Z\" transform=\"translate(0 -130.698)\"><\/path><\/g><\/g><\/svg>\t\t\t<\/a>\n\t\t<\/div>\n\t\t\t\t\t\t<\/div>\n\t\t\t\t<\/div>\n\t\t\t\t\t<\/div>\n\t\t<\/div>\n\t\t\t\t\t<\/div>\n\t\t<\/section>\n\t\t\t\t<section class=\"elementor-section elementor-top-section elementor-element elementor-element-07505bc elementor-section-boxed elementor-section-height-default elementor-section-height-default sc_fly_static\" data-id=\"07505bc\" data-element_type=\"section\">\n\t\t\t\t\t\t<div class=\"elementor-container elementor-column-gap-extended\">\n\t\t\t\t\t<div class=\"elementor-column elementor-col-100 elementor-top-column elementor-element elementor-element-e81588a sc_content_align_inherit sc_layouts_column_icons_position_left sc_fly_static\" data-id=\"e81588a\" data-element_type=\"column\">\n\t\t\t<div class=\"elementor-widget-wrap elementor-element-populated\">\n\t\t\t\t\t\t<div class=\"elementor-element elementor-element-c75e150 sc_height_huge sc_fly_static elementor-widget elementor-widget-spacer\" data-id=\"c75e150\" data-element_type=\"widget\" data-widget_type=\"spacer.default\">\n\t\t\t\t<div class=\"elementor-widget-container\">\n\t\t\t\t\t\t\t<div class=\"elementor-spacer\">\n\t\t\t<div class=\"elementor-spacer-inner\"><\/div>\n\t\t<\/div>\n\t\t\t\t\t\t<\/div>\n\t\t\t\t<\/div>\n\t\t\t\t\t<\/div>\n\t\t<\/div>\n\t\t\t\t\t<\/div>\n\t\t<\/section>\n\t\t\t\t<section class=\"elementor-section elementor-top-section elementor-element elementor-element-d4ffe47 elementor-section-boxed elementor-section-height-default elementor-section-height-default sc_fly_static\" data-id=\"d4ffe47\" data-element_type=\"section\">\n\t\t\t\t\t\t<div class=\"elementor-container elementor-column-gap-extended\">\n\t\t\t\t\t<div class=\"elementor-column elementor-col-100 elementor-top-column elementor-element elementor-element-31ddd32 sc_content_align_inherit sc_layouts_column_icons_position_left sc_fly_static\" data-id=\"31ddd32\" data-element_type=\"column\">\n\t\t\t<div class=\"elementor-widget-wrap elementor-element-populated\">\n\t\t\t\t\t\t<div data-animation-type=\"block\" class=\"elementor-element elementor-element-e7e8a40 elementor-hidden-mobile animation_type_block sc_fly_static elementor-invisible elementor-widget elementor-widget-trx_sc_title\" data-id=\"e7e8a40\" data-element_type=\"widget\" data-settings=\"{&quot;_animation&quot;:&quot;kayon-fadeinup&quot;}\" data-widget_type=\"trx_sc_title.default\">\n\t\t\t\t<div class=\"elementor-widget-container\">\n\t\t\t\t\t<div\t\tclass=\"sc_title sc_title_default\" ><h1 class=\"sc_item_title sc_title_title sc_align_center sc_item_title_style_default sc_item_title_tag\"\n\t\t\t><span class=\"sc_item_title_text\">Our Services<\/span><\/h1><\/div>\t\t\t\t<\/div>\n\t\t\t\t<\/div>\n\t\t\t\t<div class=\"elementor-element elementor-element-0ad79fb sc_fly_static elementor-widget elementor-widget-trx_sc_icons\" data-id=\"0ad79fb\" data-element_type=\"widget\" data-widget_type=\"trx_sc_icons.default\">\n\t\t\t\t<div class=\"elementor-widget-container\">\n\t\t\t\t\t<div \tclass=\"sc_icons sc_icons_accent sc_icons_size_medium sc_align_center\" ><div class=\"sc_icons_columns_wrap sc_item_columns trx_addons_columns_wrap columns_padding_bottom columns_in_single_row\" ><div class=\"trx_addons_column-1_4 trx_addons_column-1_2-tablet\"><div class=\"sc_icons_item\"><div class=\"sc_icons_image\" ><img decoding=\"async\" src=\"\/\/www.btpequipement.tn\/wp-content\/uploads\/2025\/11\/conformite-1.svg\" alt=\"Icon\"><\/div><div class=\"sc_icons_item_details\"><h4 class=\"sc_icons_item_title\"><span>Sales and technical consulting<\/span><\/h4><div class=\"sc_icons_item_description\"><span>Selection of equipment tailored to your specific needs.<\/span><\/div><\/div><\/div><\/div><div class=\"trx_addons_column-1_4 trx_addons_column-1_2-tablet\"><div class=\"sc_icons_item\"><div class=\"sc_icons_image\" ><img decoding=\"async\" src=\"\/\/www.btpequipement.tn\/wp-content\/uploads\/2025\/11\/cest-alt-1.svg\" alt=\"Icon\"><\/div><div class=\"sc_icons_item_details\"><h4 class=\"sc_icons_item_title\"><span>Maintenance and support<\/span><\/h4><div class=\"sc_icons_item_description\"><span>Quick interventions, genuine parts, and comprehensive after-sales support.<\/span><\/div><\/div><\/div><\/div><div class=\"trx_addons_column-1_4 trx_addons_column-1_2-tablet\"><div class=\"sc_icons_item\"><div class=\"sc_icons_image\" ><img decoding=\"async\" src=\"\/\/www.btpequipement.tn\/wp-content\/uploads\/2025\/11\/alt-administrateur-1.svg\" alt=\"Icon\"><\/div><div class=\"sc_icons_item_details\"><h4 class=\"sc_icons_item_title\"><span>Commissioning &amp; training<\/span><\/h4><div class=\"sc_icons_item_description\"><span>On-site support to ensure the optimal handling of your construction equipment.<\/span><\/div><\/div><\/div><\/div><div class=\"trx_addons_column-1_4 trx_addons_column-1_2-tablet\"><div class=\"sc_icons_item\"><div class=\"sc_icons_image\" ><img decoding=\"async\" src=\"\/\/www.btpequipement.tn\/wp-content\/uploads\/2025\/11\/poignee-de-main-du-partenaire-de-coeur-1.svg\" alt=\"Icon\"><\/div><div class=\"sc_icons_item_details\"><h4 class=\"sc_icons_item_title\"><span>Sustainable partnerships<\/span><\/h4><div class=\"sc_icons_item_description\"><span>Scalable solutions built on trust and performance.<\/span><\/div><\/div><\/div><\/div><\/div><\/div><!-- \/.sc_icons -->\t\t\t\t<\/div>\n\t\t\t\t<\/div>\n\t\t\t\t<div class=\"elementor-element elementor-element-96c694f sc_height_small sc_fly_static elementor-widget elementor-widget-spacer\" data-id=\"96c694f\" data-element_type=\"widget\" data-widget_type=\"spacer.default\">\n\t\t\t\t<div class=\"elementor-widget-container\">\n\t\t\t\t\t\t\t<div class=\"elementor-spacer\">\n\t\t\t<div class=\"elementor-spacer-inner\"><\/div>\n\t\t<\/div>\n\t\t\t\t\t\t<\/div>\n\t\t\t\t<\/div>\n\t\t\t\t\t<\/div>\n\t\t<\/div>\n\t\t\t\t\t<\/div>\n\t\t<\/section>\n\t\t\t\t<\/div>\n\t\t","protected":false},"excerpt":{"rendered":"<p>Our Services Sales and technical consulting Selection of equipment tailored to your specific needs. Maintenance and support Quick interventions, genuine parts, and comprehensive after-sales support. Commissioning &amp; training On-site support&hellip;<\/p>\n","protected":false},"author":1,"featured_media":23706,"parent":0,"menu_order":0,"comment_status":"closed","ping_status":"closed","template":"","meta":{"footnotes":""},"class_list":["post-22690","page","type-page","status-publish","has-post-thumbnail","hentry"],"yoast_head":"<!-- This site is optimized with the Yoast SEO plugin v26.5 - https:\/\/yoast.com\/wordpress\/plugins\/seo\/ -->\n<title>Our maintenance and repair services - BTP Equipement<\/title>\n<meta name=\"description\" content=\"BTP Equipement offers comprehensive services for your construction equipment in Tunisia, including maintenance, repairs and technical support.\" \/>\n<meta name=\"robots\" content=\"index, follow, max-snippet:-1, max-image-preview:large, max-video-preview:-1\" \/>\n<link rel=\"canonical\" href=\"https:\/\/www.btpequipement.tn\/en\/nos-services\/\" \/>\n<meta property=\"og:locale\" content=\"en_US\" \/>\n<meta property=\"og:type\" content=\"article\" \/>\n<meta property=\"og:title\" content=\"Our maintenance and repair services - BTP Equipement\" \/>\n<meta property=\"og:description\" content=\"BTP Equipement offers comprehensive services for your construction equipment in Tunisia, including maintenance, repairs and technical support.\" \/>\n<meta property=\"og:url\" content=\"https:\/\/www.btpequipement.tn\/en\/nos-services\/\" \/>\n<meta property=\"og:site_name\" content=\"BTP Equipement\" \/>\n<meta property=\"article:publisher\" content=\"https:\/\/www.facebook.com\/people\/Btp-Equipement\/61576844644692\/\" \/>\n<meta property=\"article:modified_time\" content=\"2025-12-25T09:34:20+00:00\" \/>\n<meta property=\"og:image\" content=\"https:\/\/www.btpequipement.tn\/wp-content\/uploads\/2025\/12\/1er-slider-min.png\" \/>\n\t<meta property=\"og:image:width\" content=\"1920\" \/>\n\t<meta property=\"og:image:height\" content=\"1200\" \/>\n\t<meta property=\"og:image:type\" content=\"image\/png\" \/>\n<meta name=\"twitter:card\" content=\"summary_large_image\" \/>\n<meta name=\"twitter:label1\" content=\"Est. reading time\" \/>\n\t<meta name=\"twitter:data1\" content=\"2 minutes\" \/>\n<script type=\"application\/ld+json\" class=\"yoast-schema-graph\">{\"@context\":\"https:\/\/schema.org\",\"@graph\":[{\"@type\":\"WebPage\",\"@id\":\"https:\/\/www.btpequipement.tn\/en\/nos-services\/\",\"url\":\"https:\/\/www.btpequipement.tn\/en\/nos-services\/\",\"name\":\"Our maintenance and repair services - BTP Equipement\",\"isPartOf\":{\"@id\":\"https:\/\/www.btpequipement.tn\/#website\"},\"primaryImageOfPage\":{\"@id\":\"https:\/\/www.btpequipement.tn\/en\/nos-services\/#primaryimage\"},\"image\":{\"@id\":\"https:\/\/www.btpequipement.tn\/en\/nos-services\/#primaryimage\"},\"thumbnailUrl\":\"https:\/\/www.btpequipement.tn\/wp-content\/uploads\/2025\/11\/conformite-1.svg\",\"datePublished\":\"2025-11-13T16:13:13+00:00\",\"dateModified\":\"2025-12-25T09:34:20+00:00\",\"description\":\"BTP Equipement offers comprehensive services for your construction equipment in Tunisia, including maintenance, repairs and technical support.\",\"breadcrumb\":{\"@id\":\"https:\/\/www.btpequipement.tn\/en\/nos-services\/#breadcrumb\"},\"inLanguage\":\"en-US\",\"potentialAction\":[{\"@type\":\"ReadAction\",\"target\":[\"https:\/\/www.btpequipement.tn\/en\/nos-services\/\"]}]},{\"@type\":\"ImageObject\",\"inLanguage\":\"en-US\",\"@id\":\"https:\/\/www.btpequipement.tn\/en\/nos-services\/#primaryimage\",\"url\":\"https:\/\/www.btpequipement.tn\/wp-content\/uploads\/2025\/11\/conformite-1.svg\",\"contentUrl\":\"https:\/\/www.btpequipement.tn\/wp-content\/uploads\/2025\/11\/conformite-1.svg\",\"width\":100,\"height\":100},{\"@type\":\"BreadcrumbList\",\"@id\":\"https:\/\/www.btpequipement.tn\/en\/nos-services\/#breadcrumb\",\"itemListElement\":[{\"@type\":\"ListItem\",\"position\":1,\"name\":\"Accueil\",\"item\":\"https:\/\/www.btpequipement.tn\/\"},{\"@type\":\"ListItem\",\"position\":2,\"name\":\"Our Services\"}]},{\"@type\":\"WebSite\",\"@id\":\"https:\/\/www.btpequipement.tn\/#website\",\"url\":\"https:\/\/www.btpequipement.tn\/\",\"name\":\"BTP Equipement - Mat\u00e9riels et \u00c9quipements de Chantier\",\"description\":\"Mat\u00e9riel et \u00c9quipements de Chantier Haut de Gamme\",\"publisher\":{\"@id\":\"https:\/\/www.btpequipement.tn\/#organization\"},\"potentialAction\":[{\"@type\":\"SearchAction\",\"target\":{\"@type\":\"EntryPoint\",\"urlTemplate\":\"https:\/\/www.btpequipement.tn\/?s={search_term_string}\"},\"query-input\":{\"@type\":\"PropertyValueSpecification\",\"valueRequired\":true,\"valueName\":\"search_term_string\"}}],\"inLanguage\":\"en-US\"},{\"@type\":\"Organization\",\"@id\":\"https:\/\/www.btpequipement.tn\/#organization\",\"name\":\"BTP Equipement\",\"url\":\"https:\/\/www.btpequipement.tn\/\",\"logo\":{\"@type\":\"ImageObject\",\"inLanguage\":\"en-US\",\"@id\":\"https:\/\/www.btpequipement.tn\/#\/schema\/logo\/image\/\",\"url\":\"https:\/\/www.btpequipement.tn\/wp-content\/uploads\/2024\/05\/logo-btp.svg\",\"contentUrl\":\"https:\/\/www.btpequipement.tn\/wp-content\/uploads\/2024\/05\/logo-btp.svg\",\"width\":220,\"height\":96,\"caption\":\"BTP Equipement\"},\"image\":{\"@id\":\"https:\/\/www.btpequipement.tn\/#\/schema\/logo\/image\/\"},\"sameAs\":[\"https:\/\/www.facebook.com\/people\/Btp-Equipement\/61576844644692\/\",\"https:\/\/www.instagram.com\/btp.equipement\/\"]}]}<\/script>\n<!-- \/ Yoast SEO plugin. -->","yoast_head_json":{"title":"Our maintenance and repair services - BTP Equipement","description":"BTP Equipement offers comprehensive services for your construction equipment in Tunisia, including maintenance, repairs and technical support.","robots":{"index":"index","follow":"follow","max-snippet":"max-snippet:-1","max-image-preview":"max-image-preview:large","max-video-preview":"max-video-preview:-1"},"canonical":"https:\/\/www.btpequipement.tn\/en\/nos-services\/","og_locale":"en_US","og_type":"article","og_title":"Our maintenance and repair services - BTP Equipement","og_description":"BTP Equipement offers comprehensive services for your construction equipment in Tunisia, including maintenance, repairs and technical support.","og_url":"https:\/\/www.btpequipement.tn\/en\/nos-services\/","og_site_name":"BTP Equipement","article_publisher":"https:\/\/www.facebook.com\/people\/Btp-Equipement\/61576844644692\/","article_modified_time":"2025-12-25T09:34:20+00:00","og_image":[{"width":1920,"height":1200,"url":"https:\/\/www.btpequipement.tn\/wp-content\/uploads\/2025\/12\/1er-slider-min.png","type":"image\/png"}],"twitter_card":"summary_large_image","twitter_misc":{"Est. reading time":"2 minutes"},"schema":{"@context":"https:\/\/schema.org","@graph":[{"@type":"WebPage","@id":"https:\/\/www.btpequipement.tn\/en\/nos-services\/","url":"https:\/\/www.btpequipement.tn\/en\/nos-services\/","name":"Our maintenance and repair services - BTP Equipement","isPartOf":{"@id":"https:\/\/www.btpequipement.tn\/#website"},"primaryImageOfPage":{"@id":"https:\/\/www.btpequipement.tn\/en\/nos-services\/#primaryimage"},"image":{"@id":"https:\/\/www.btpequipement.tn\/en\/nos-services\/#primaryimage"},"thumbnailUrl":"https:\/\/www.btpequipement.tn\/wp-content\/uploads\/2025\/11\/conformite-1.svg","datePublished":"2025-11-13T16:13:13+00:00","dateModified":"2025-12-25T09:34:20+00:00","description":"BTP Equipement offers comprehensive services for your construction equipment in Tunisia, including maintenance, repairs and technical support.","breadcrumb":{"@id":"https:\/\/www.btpequipement.tn\/en\/nos-services\/#breadcrumb"},"inLanguage":"en-US","potentialAction":[{"@type":"ReadAction","target":["https:\/\/www.btpequipement.tn\/en\/nos-services\/"]}]},{"@type":"ImageObject","inLanguage":"en-US","@id":"https:\/\/www.btpequipement.tn\/en\/nos-services\/#primaryimage","url":"https:\/\/www.btpequipement.tn\/wp-content\/uploads\/2025\/11\/conformite-1.svg","contentUrl":"https:\/\/www.btpequipement.tn\/wp-content\/uploads\/2025\/11\/conformite-1.svg","width":100,"height":100},{"@type":"BreadcrumbList","@id":"https:\/\/www.btpequipement.tn\/en\/nos-services\/#breadcrumb","itemListElement":[{"@type":"ListItem","position":1,"name":"Accueil","item":"https:\/\/www.btpequipement.tn\/"},{"@type":"ListItem","position":2,"name":"Our Services"}]},{"@type":"WebSite","@id":"https:\/\/www.btpequipement.tn\/#website","url":"https:\/\/www.btpequipement.tn\/","name":"BTP Equipement - Mat\u00e9riels et \u00c9quipements de Chantier","description":"Mat\u00e9riel et \u00c9quipements de Chantier Haut de Gamme","publisher":{"@id":"https:\/\/www.btpequipement.tn\/#organization"},"potentialAction":[{"@type":"SearchAction","target":{"@type":"EntryPoint","urlTemplate":"https:\/\/www.btpequipement.tn\/?s={search_term_string}"},"query-input":{"@type":"PropertyValueSpecification","valueRequired":true,"valueName":"search_term_string"}}],"inLanguage":"en-US"},{"@type":"Organization","@id":"https:\/\/www.btpequipement.tn\/#organization","name":"BTP Equipement","url":"https:\/\/www.btpequipement.tn\/","logo":{"@type":"ImageObject","inLanguage":"en-US","@id":"https:\/\/www.btpequipement.tn\/#\/schema\/logo\/image\/","url":"https:\/\/www.btpequipement.tn\/wp-content\/uploads\/2024\/05\/logo-btp.svg","contentUrl":"https:\/\/www.btpequipement.tn\/wp-content\/uploads\/2024\/05\/logo-btp.svg","width":220,"height":96,"caption":"BTP Equipement"},"image":{"@id":"https:\/\/www.btpequipement.tn\/#\/schema\/logo\/image\/"},"sameAs":["https:\/\/www.facebook.com\/people\/Btp-Equipement\/61576844644692\/","https:\/\/www.instagram.com\/btp.equipement\/"]}]}},"_links":{"self":[{"href":"https:\/\/www.btpequipement.tn\/en\/wp-json\/wp\/v2\/pages\/22690","targetHints":{"allow":["GET"]}}],"collection":[{"href":"https:\/\/www.btpequipement.tn\/en\/wp-json\/wp\/v2\/pages"}],"about":[{"href":"https:\/\/www.btpequipement.tn\/en\/wp-json\/wp\/v2\/types\/page"}],"author":[{"embeddable":true,"href":"https:\/\/www.btpequipement.tn\/en\/wp-json\/wp\/v2\/users\/1"}],"replies":[{"embeddable":true,"href":"https:\/\/www.btpequipement.tn\/en\/wp-json\/wp\/v2\/comments?post=22690"}],"version-history":[{"count":10,"href":"https:\/\/www.btpequipement.tn\/en\/wp-json\/wp\/v2\/pages\/22690\/revisions"}],"predecessor-version":[{"id":23729,"href":"https:\/\/www.btpequipement.tn\/en\/wp-json\/wp\/v2\/pages\/22690\/revisions\/23729"}],"wp:featuredmedia":[{"embeddable":true,"href":"https:\/\/www.btpequipement.tn\/en\/wp-json\/wp\/v2\/media\/23706"}],"wp:attachment":[{"href":"https:\/\/www.btpequipement.tn\/en\/wp-json\/wp\/v2\/media?parent=22690"}],"curies":[{"name":"wp","href":"https:\/\/api.w.org\/{rel}","templated":true}]}}