{"id":21485,"date":"2025-11-05T17:31:27","date_gmt":"2025-11-05T16:31:27","guid":{"rendered":"https:\/\/www.btpequipement.tn\/product\/v1800\/"},"modified":"2025-11-07T10:35:15","modified_gmt":"2025-11-07T09:35:15","slug":"v1800","status":"publish","type":"product","link":"https:\/\/www.btpequipement.tn\/en\/produit\/v1800\/","title":{"rendered":"V1800"},"content":{"rendered":"","protected":false},"excerpt":{"rendered":"<p><strong>Carrier weight (min-max):<\/strong> 20 &#8211; 35 t<br \/>\n<strong>Operating weight (without mounting plate):<\/strong> 1762 kg<br \/>\n<strong>Flow rate (min-max):<\/strong> 140 &#8211; 220 l\/min<br \/>\n<strong>Frequency (min-max):<\/strong> 320 &#8211; 720 bpm<br \/>\n<strong>Maximum pressure:<\/strong> 165 bar<br \/>\n<strong>Tool diameter:<\/strong> 140 mm<\/p>\n<p><strong style=\"color: #ed1b24!important;\">*Note: Part available upon customer request (made to order)<\/strong><\/p>\n<p><a style=\"text-align: right; color: #194f9e!important;\" href=\"https:\/\/www.btpequipement.tn\/wp-content\/uploads\/2025\/11\/Feuillets_V1800-.-FR_03.2024.pdf\" target=\"_blank\" rel=\"noopener\"><strong> Documentation V1800 <img decoding=\"async\" class=\"wp-image-7682 lazyloaded alignnone\" src=\"https:\/\/www.btpequipement.tn\/wp-content\/uploads\/2025\/11\/icone_pdf-2.png\" alt=\"\" width=\"58\" height=\"80\" data-lazy-src=\"https:\/\/www.btpequipement.tn\/wp-content\/uploads\/2025\/11\/icone_pdf-2.png\" data-ll-status=\"loaded\" \/><noscript><span data-mce-type=\"bookmark\" style=\"display: inline-block; width: 0px; overflow: hidden; line-height: 0;\" class=\"mce_SELRES_start\"><\/span><img loading=\"lazy\" loading=\"lazy\" decoding=\"async\" class=\" wp-image-7682 alignright\" src=\"https:\/\/www.btpequipement.tn\/wp-content\/uploads\/2025\/11\/Feuillets_V1800-.-FR_03.2024.pdf\" target=\"_blank\" alt=\"\" width=\"58\" height=\"58\" \/><span data-mce-type=\"bookmark\" style=\"display: inline-block; width: 0px; overflow: hidden; line-height: 0;\" class=\"mce_SELRES_end\"><\/span><\/noscript><\/strong><\/a><\/p>\n","protected":false},"featured_media":21902,"comment_status":"open","ping_status":"closed","template":"","meta":[],"product_brand":[],"product_cat":[210,213,209],"product_tag":[218,217,219],"class_list":{"0":"post-21485","1":"product","2":"type-product","3":"status-publish","4":"has-post-thumbnail","6":"product_cat-brise-roche-hydraulique-en","7":"product_cat-gamme-lourde-en","8":"product_cat-montabert-en","9":"product_tag-item-en","10":"product_tag-simple-en","11":"product_tag-smart-en","13":"first","14":"instock","15":"shipping-taxable","16":"product-type-simple"},"yoast_head":"<!-- This site is optimized with the Yoast SEO plugin v26.5 - https:\/\/yoast.com\/wordpress\/plugins\/seo\/ -->\n<title>V1800 - BTP Equipement<\/title>\n<meta name=\"description\" content=\"Carrier weight (min-max): 20 - 35 t Operating weight (without mounting plate): 1762 kg Flow rate (min-max): 140 - 220 l\/min Frequency (min-max): 320 - 720 bpm Maximum pressure: 165 bar Tool diameter: 140 mm  *Note: Part available upon customer request (made to order)   Documentation V1800\" \/>\n<meta name=\"robots\" content=\"index, follow, max-snippet:-1, max-image-preview:large, max-video-preview:-1\" \/>\n<link rel=\"canonical\" href=\"https:\/\/www.btpequipement.tn\/en\/produit\/v1800\/\" \/>\n<meta property=\"og:locale\" content=\"en_US\" \/>\n<meta property=\"og:type\" content=\"article\" \/>\n<meta property=\"og:title\" content=\"V1800 - BTP Equipement\" \/>\n<meta property=\"og:description\" content=\"Carrier weight (min-max): 20 - 35 t Operating weight (without mounting plate): 1762 kg Flow rate (min-max): 140 - 220 l\/min Frequency (min-max): 320 - 720 bpm Maximum pressure: 165 bar Tool diameter: 140 mm  *Note: Part available upon customer request (made to order)   Documentation V1800\" \/>\n<meta property=\"og:url\" content=\"https:\/\/www.btpequipement.tn\/en\/produit\/v1800\/\" \/>\n<meta property=\"og:site_name\" content=\"BTP Equipement\" \/>\n<meta property=\"article:publisher\" content=\"https:\/\/www.facebook.com\/people\/Btp-Equipement\/61576844644692\/\" \/>\n<meta property=\"article:modified_time\" content=\"2025-11-07T09:35:15+00:00\" \/>\n<meta property=\"og:image\" content=\"https:\/\/www.btpequipement.tn\/wp-content\/uploads\/2025\/11\/V1800-front-1.png\" \/>\n\t<meta property=\"og:image:width\" content=\"616\" \/>\n\t<meta property=\"og:image:height\" content=\"616\" \/>\n\t<meta property=\"og:image:type\" content=\"image\/png\" \/>\n<meta name=\"twitter:card\" content=\"summary_large_image\" \/>\n<script type=\"application\/ld+json\" class=\"yoast-schema-graph\">{\"@context\":\"https:\/\/schema.org\",\"@graph\":[{\"@type\":\"WebPage\",\"@id\":\"https:\/\/www.btpequipement.tn\/en\/produit\/v1800\/\",\"url\":\"https:\/\/www.btpequipement.tn\/en\/produit\/v1800\/\",\"name\":\"V1800 - BTP Equipement\",\"isPartOf\":{\"@id\":\"https:\/\/www.btpequipement.tn\/#website\"},\"primaryImageOfPage\":{\"@id\":\"https:\/\/www.btpequipement.tn\/en\/produit\/v1800\/#primaryimage\"},\"image\":{\"@id\":\"https:\/\/www.btpequipement.tn\/en\/produit\/v1800\/#primaryimage\"},\"thumbnailUrl\":\"https:\/\/www.btpequipement.tn\/wp-content\/uploads\/2025\/11\/V1800-front-1.png\",\"datePublished\":\"2025-11-05T16:31:27+00:00\",\"dateModified\":\"2025-11-07T09:35:15+00:00\",\"description\":\"Carrier weight (min-max): 20 - 35 t Operating weight (without mounting plate): 1762 kg Flow rate (min-max): 140 - 220 l\/min Frequency (min-max): 320 - 720 bpm Maximum pressure: 165 bar Tool diameter: 140 mm *Note: Part available upon customer request (made to order) Documentation V1800\",\"breadcrumb\":{\"@id\":\"https:\/\/www.btpequipement.tn\/en\/produit\/v1800\/#breadcrumb\"},\"inLanguage\":\"en-US\",\"potentialAction\":[{\"@type\":\"ReadAction\",\"target\":[\"https:\/\/www.btpequipement.tn\/en\/produit\/v1800\/\"]}]},{\"@type\":\"ImageObject\",\"inLanguage\":\"en-US\",\"@id\":\"https:\/\/www.btpequipement.tn\/en\/produit\/v1800\/#primaryimage\",\"url\":\"https:\/\/www.btpequipement.tn\/wp-content\/uploads\/2025\/11\/V1800-front-1.png\",\"contentUrl\":\"https:\/\/www.btpequipement.tn\/wp-content\/uploads\/2025\/11\/V1800-front-1.png\",\"width\":616,\"height\":616},{\"@type\":\"BreadcrumbList\",\"@id\":\"https:\/\/www.btpequipement.tn\/en\/produit\/v1800\/#breadcrumb\",\"itemListElement\":[{\"@type\":\"ListItem\",\"position\":1,\"name\":\"Accueil\",\"item\":\"https:\/\/www.btpequipement.tn\/\"},{\"@type\":\"ListItem\",\"position\":2,\"name\":\"Shop\",\"item\":\"https:\/\/www.btpequipement.tn\/shop\/\"},{\"@type\":\"ListItem\",\"position\":3,\"name\":\"V1800\"}]},{\"@type\":\"WebSite\",\"@id\":\"https:\/\/www.btpequipement.tn\/#website\",\"url\":\"https:\/\/www.btpequipement.tn\/\",\"name\":\"BTP Equipement - Mat\u00e9riels et \u00c9quipements de Chantier\",\"description\":\"Mat\u00e9riel et \u00c9quipements de Chantier Haut de Gamme\",\"publisher\":{\"@id\":\"https:\/\/www.btpequipement.tn\/#organization\"},\"potentialAction\":[{\"@type\":\"SearchAction\",\"target\":{\"@type\":\"EntryPoint\",\"urlTemplate\":\"https:\/\/www.btpequipement.tn\/?s={search_term_string}\"},\"query-input\":{\"@type\":\"PropertyValueSpecification\",\"valueRequired\":true,\"valueName\":\"search_term_string\"}}],\"inLanguage\":\"en-US\"},{\"@type\":\"Organization\",\"@id\":\"https:\/\/www.btpequipement.tn\/#organization\",\"name\":\"BTP Equipement\",\"url\":\"https:\/\/www.btpequipement.tn\/\",\"logo\":{\"@type\":\"ImageObject\",\"inLanguage\":\"en-US\",\"@id\":\"https:\/\/www.btpequipement.tn\/#\/schema\/logo\/image\/\",\"url\":\"https:\/\/www.btpequipement.tn\/wp-content\/uploads\/2024\/05\/logo-btp.svg\",\"contentUrl\":\"https:\/\/www.btpequipement.tn\/wp-content\/uploads\/2024\/05\/logo-btp.svg\",\"width\":220,\"height\":96,\"caption\":\"BTP Equipement\"},\"image\":{\"@id\":\"https:\/\/www.btpequipement.tn\/#\/schema\/logo\/image\/\"},\"sameAs\":[\"https:\/\/www.facebook.com\/people\/Btp-Equipement\/61576844644692\/\",\"https:\/\/www.instagram.com\/btp.equipement\/\"]}]}<\/script>\n<!-- \/ Yoast SEO plugin. -->","yoast_head_json":{"title":"V1800 - BTP Equipement","description":"Carrier weight (min-max): 20 - 35 t Operating weight (without mounting plate): 1762 kg Flow rate (min-max): 140 - 220 l\/min Frequency (min-max): 320 - 720 bpm Maximum pressure: 165 bar Tool diameter: 140 mm  *Note: Part available upon customer request (made to order)   Documentation V1800","robots":{"index":"index","follow":"follow","max-snippet":"max-snippet:-1","max-image-preview":"max-image-preview:large","max-video-preview":"max-video-preview:-1"},"canonical":"https:\/\/www.btpequipement.tn\/en\/produit\/v1800\/","og_locale":"en_US","og_type":"article","og_title":"V1800 - BTP Equipement","og_description":"Carrier weight (min-max): 20 - 35 t Operating weight (without mounting plate): 1762 kg Flow rate (min-max): 140 - 220 l\/min Frequency (min-max): 320 - 720 bpm Maximum pressure: 165 bar Tool diameter: 140 mm  *Note: Part available upon customer request (made to order)   Documentation V1800","og_url":"https:\/\/www.btpequipement.tn\/en\/produit\/v1800\/","og_site_name":"BTP Equipement","article_publisher":"https:\/\/www.facebook.com\/people\/Btp-Equipement\/61576844644692\/","article_modified_time":"2025-11-07T09:35:15+00:00","og_image":[{"width":616,"height":616,"url":"https:\/\/www.btpequipement.tn\/wp-content\/uploads\/2025\/11\/V1800-front-1.png","type":"image\/png"}],"twitter_card":"summary_large_image","schema":{"@context":"https:\/\/schema.org","@graph":[{"@type":"WebPage","@id":"https:\/\/www.btpequipement.tn\/en\/produit\/v1800\/","url":"https:\/\/www.btpequipement.tn\/en\/produit\/v1800\/","name":"V1800 - BTP Equipement","isPartOf":{"@id":"https:\/\/www.btpequipement.tn\/#website"},"primaryImageOfPage":{"@id":"https:\/\/www.btpequipement.tn\/en\/produit\/v1800\/#primaryimage"},"image":{"@id":"https:\/\/www.btpequipement.tn\/en\/produit\/v1800\/#primaryimage"},"thumbnailUrl":"https:\/\/www.btpequipement.tn\/wp-content\/uploads\/2025\/11\/V1800-front-1.png","datePublished":"2025-11-05T16:31:27+00:00","dateModified":"2025-11-07T09:35:15+00:00","description":"Carrier weight (min-max): 20 - 35 t Operating weight (without mounting plate): 1762 kg Flow rate (min-max): 140 - 220 l\/min Frequency (min-max): 320 - 720 bpm Maximum pressure: 165 bar Tool diameter: 140 mm *Note: Part available upon customer request (made to order) Documentation V1800","breadcrumb":{"@id":"https:\/\/www.btpequipement.tn\/en\/produit\/v1800\/#breadcrumb"},"inLanguage":"en-US","potentialAction":[{"@type":"ReadAction","target":["https:\/\/www.btpequipement.tn\/en\/produit\/v1800\/"]}]},{"@type":"ImageObject","inLanguage":"en-US","@id":"https:\/\/www.btpequipement.tn\/en\/produit\/v1800\/#primaryimage","url":"https:\/\/www.btpequipement.tn\/wp-content\/uploads\/2025\/11\/V1800-front-1.png","contentUrl":"https:\/\/www.btpequipement.tn\/wp-content\/uploads\/2025\/11\/V1800-front-1.png","width":616,"height":616},{"@type":"BreadcrumbList","@id":"https:\/\/www.btpequipement.tn\/en\/produit\/v1800\/#breadcrumb","itemListElement":[{"@type":"ListItem","position":1,"name":"Accueil","item":"https:\/\/www.btpequipement.tn\/"},{"@type":"ListItem","position":2,"name":"Shop","item":"https:\/\/www.btpequipement.tn\/shop\/"},{"@type":"ListItem","position":3,"name":"V1800"}]},{"@type":"WebSite","@id":"https:\/\/www.btpequipement.tn\/#website","url":"https:\/\/www.btpequipement.tn\/","name":"BTP Equipement - Mat\u00e9riels et \u00c9quipements de Chantier","description":"Mat\u00e9riel et \u00c9quipements de Chantier Haut de Gamme","publisher":{"@id":"https:\/\/www.btpequipement.tn\/#organization"},"potentialAction":[{"@type":"SearchAction","target":{"@type":"EntryPoint","urlTemplate":"https:\/\/www.btpequipement.tn\/?s={search_term_string}"},"query-input":{"@type":"PropertyValueSpecification","valueRequired":true,"valueName":"search_term_string"}}],"inLanguage":"en-US"},{"@type":"Organization","@id":"https:\/\/www.btpequipement.tn\/#organization","name":"BTP Equipement","url":"https:\/\/www.btpequipement.tn\/","logo":{"@type":"ImageObject","inLanguage":"en-US","@id":"https:\/\/www.btpequipement.tn\/#\/schema\/logo\/image\/","url":"https:\/\/www.btpequipement.tn\/wp-content\/uploads\/2024\/05\/logo-btp.svg","contentUrl":"https:\/\/www.btpequipement.tn\/wp-content\/uploads\/2024\/05\/logo-btp.svg","width":220,"height":96,"caption":"BTP Equipement"},"image":{"@id":"https:\/\/www.btpequipement.tn\/#\/schema\/logo\/image\/"},"sameAs":["https:\/\/www.facebook.com\/people\/Btp-Equipement\/61576844644692\/","https:\/\/www.instagram.com\/btp.equipement\/"]}]}},"_links":{"self":[{"href":"https:\/\/www.btpequipement.tn\/en\/wp-json\/wp\/v2\/product\/21485","targetHints":{"allow":["GET"]}}],"collection":[{"href":"https:\/\/www.btpequipement.tn\/en\/wp-json\/wp\/v2\/product"}],"about":[{"href":"https:\/\/www.btpequipement.tn\/en\/wp-json\/wp\/v2\/types\/product"}],"replies":[{"embeddable":true,"href":"https:\/\/www.btpequipement.tn\/en\/wp-json\/wp\/v2\/comments?post=21485"}],"version-history":[{"count":2,"href":"https:\/\/www.btpequipement.tn\/en\/wp-json\/wp\/v2\/product\/21485\/revisions"}],"predecessor-version":[{"id":21488,"href":"https:\/\/www.btpequipement.tn\/en\/wp-json\/wp\/v2\/product\/21485\/revisions\/21488"}],"wp:featuredmedia":[{"embeddable":true,"href":"https:\/\/www.btpequipement.tn\/en\/wp-json\/wp\/v2\/media\/21902"}],"wp:attachment":[{"href":"https:\/\/www.btpequipement.tn\/en\/wp-json\/wp\/v2\/media?parent=21485"}],"wp:term":[{"taxonomy":"product_brand","embeddable":true,"href":"https:\/\/www.btpequipement.tn\/en\/wp-json\/wp\/v2\/product_brand?post=21485"},{"taxonomy":"product_cat","embeddable":true,"href":"https:\/\/www.btpequipement.tn\/en\/wp-json\/wp\/v2\/product_cat?post=21485"},{"taxonomy":"product_tag","embeddable":true,"href":"https:\/\/www.btpequipement.tn\/en\/wp-json\/wp\/v2\/product_tag?post=21485"}],"curies":[{"name":"wp","href":"https:\/\/api.w.org\/{rel}","templated":true}]}}