{"id":21664,"date":"2025-11-06T15:18:23","date_gmt":"2025-11-06T14:18:23","guid":{"rendered":"https:\/\/www.btpequipement.tn\/product\/cpa-222e\/"},"modified":"2025-11-07T11:43:06","modified_gmt":"2025-11-07T10:43:06","slug":"cpa-222e","status":"publish","type":"product","link":"https:\/\/www.btpequipement.tn\/en\/produit\/cpa-222e\/","title":{"rendered":"CPA 222E"},"content":{"rendered":"","protected":false},"excerpt":{"rendered":"<p><strong>Carrier weight* (min-max):<\/strong> 15 &#8211; 25 t<br \/>\n<strong>Operating weight:<\/strong> 1610 kg<br \/>\n<strong>Flow rate (min-max):<\/strong> 160 l\/min<br \/>\n<strong>Pressure:<\/strong> 200 Bar<br \/>\n<strong>HC model:<\/strong> HC50<br \/>\n<strong>HC power:<\/strong> 13<br \/>\n<strong>Shaft:<\/strong> R32, R38, T38<br \/>\n<strong>Drilled diameter:<\/strong> 38 &#8211; 76<br \/>\n<strong>Depth (max):<\/strong> 6.9<br \/>\n<strong>Bar centering:<\/strong> Hydraulic<br \/>\n<strong>Radio control:<\/strong> Proportional<br \/>\n<strong>ASSISTANCE 4.0:<\/strong> Standard<\/p>\n<p><strong style=\"color: #ed1b24!important;\">*Note: Part available upon customer request (made to order)<\/strong><\/p>\n<p><a style=\"text-align: right; color: #194f9e!important;\" href=\"https:\/\/www.btpequipement.tn\/wp-content\/uploads\/2025\/11\/Range_CPA-.-FR_04.2025.pdf\" target=\"_blank\" rel=\"noopener\"><strong> Documentation CPA 222E <img decoding=\"async\" class=\"wp-image-7682 lazyloaded alignnone\" src=\"https:\/\/www.btpequipement.tn\/wp-content\/uploads\/2025\/11\/icone_pdf-2.png\" alt=\"\" width=\"58\" height=\"80\" data-lazy-src=\"https:\/\/www.btpequipement.tn\/wp-content\/uploads\/2025\/11\/icone_pdf-2.png\" data-ll-status=\"loaded\" \/><noscript><span data-mce-type=\"bookmark\" style=\"display: inline-block; width: 0px; overflow: hidden; line-height: 0;\" class=\"mce_SELRES_start\"><\/span><span data-mce-type=\"bookmark\" style=\"display: inline-block; width: 0px; overflow: hidden; line-height: 0;\" class=\"mce_SELRES_start\"><\/span><img loading=\"lazy\" loading=\"lazy\" decoding=\"async\" class=\" wp-image-7682 alignright\" src=\"https:\/\/www.btpequipement.tn\/wp-content\/uploads\/2025\/11\/Range_CPA-.-FR_04.2025.pdf\" target=\"_blank\" alt=\"\" width=\"58\" height=\"58\" \/><span data-mce-type=\"bookmark\" style=\"display: inline-block; width: 0px; overflow: hidden; line-height: 0;\" class=\"mce_SELRES_end\"><\/span><span data-mce-type=\"bookmark\" style=\"display: inline-block; width: 0px; overflow: hidden; line-height: 0;\" class=\"mce_SELRES_end\"><\/span><\/noscript><\/strong><\/a><\/p>\n","protected":false},"featured_media":22003,"comment_status":"open","ping_status":"closed","template":"","meta":[],"product_brand":[],"product_cat":[211,209],"product_tag":[218,217,219],"class_list":{"0":"post-21664","1":"product","2":"type-product","3":"status-publish","4":"has-post-thumbnail","6":"product_cat-cpa-mat-de-forage-en","7":"product_cat-montabert-en","8":"product_tag-item-en","9":"product_tag-simple-en","10":"product_tag-smart-en","12":"first","13":"instock","14":"shipping-taxable","15":"product-type-simple"},"yoast_head":"<!-- This site is optimized with the Yoast SEO plugin v26.5 - https:\/\/yoast.com\/wordpress\/plugins\/seo\/ -->\n<title>CPA 222E - BTP Equipement<\/title>\n<meta name=\"description\" content=\"Carrier weight* (min-max): 15 - 25 t Operating weight: 1610 kg Flow rate (min-max): 160 l\/min Pressure: 200 Bar HC model: HC50 HC power: 13 Shaft: R32, R38, T38 Drilled diameter: 38 - 76 Depth (max): 6.9 Bar centering: Hydraulic Radio control: Proportional ASSISTANCE 4.0: Standard  *Note: Part available upon customer request (made to order)   Documentation CPA 222E\" \/>\n<meta name=\"robots\" content=\"index, follow, max-snippet:-1, max-image-preview:large, max-video-preview:-1\" \/>\n<link rel=\"canonical\" href=\"https:\/\/www.btpequipement.tn\/en\/produit\/cpa-222e\/\" \/>\n<meta property=\"og:locale\" content=\"en_US\" \/>\n<meta property=\"og:type\" content=\"article\" \/>\n<meta property=\"og:title\" content=\"CPA 222E - BTP Equipement\" \/>\n<meta property=\"og:description\" content=\"Carrier weight* (min-max): 15 - 25 t Operating weight: 1610 kg Flow rate (min-max): 160 l\/min Pressure: 200 Bar HC model: HC50 HC power: 13 Shaft: R32, R38, T38 Drilled diameter: 38 - 76 Depth (max): 6.9 Bar centering: Hydraulic Radio control: Proportional ASSISTANCE 4.0: Standard  *Note: Part available upon customer request (made to order)   Documentation CPA 222E\" \/>\n<meta property=\"og:url\" content=\"https:\/\/www.btpequipement.tn\/en\/produit\/cpa-222e\/\" \/>\n<meta property=\"og:site_name\" content=\"BTP Equipement\" \/>\n<meta property=\"article:publisher\" content=\"https:\/\/www.facebook.com\/people\/Btp-Equipement\/61576844644692\/\" \/>\n<meta property=\"article:modified_time\" content=\"2025-11-07T10:43:06+00:00\" \/>\n<meta property=\"og:image\" content=\"https:\/\/www.btpequipement.tn\/wp-content\/uploads\/2025\/11\/CPA-Front-222E.png\" \/>\n\t<meta property=\"og:image:width\" content=\"616\" \/>\n\t<meta property=\"og:image:height\" content=\"616\" \/>\n\t<meta property=\"og:image:type\" content=\"image\/png\" \/>\n<meta name=\"twitter:card\" content=\"summary_large_image\" \/>\n<script type=\"application\/ld+json\" class=\"yoast-schema-graph\">{\"@context\":\"https:\/\/schema.org\",\"@graph\":[{\"@type\":\"WebPage\",\"@id\":\"https:\/\/www.btpequipement.tn\/en\/produit\/cpa-222e\/\",\"url\":\"https:\/\/www.btpequipement.tn\/en\/produit\/cpa-222e\/\",\"name\":\"CPA 222E - BTP Equipement\",\"isPartOf\":{\"@id\":\"https:\/\/www.btpequipement.tn\/#website\"},\"primaryImageOfPage\":{\"@id\":\"https:\/\/www.btpequipement.tn\/en\/produit\/cpa-222e\/#primaryimage\"},\"image\":{\"@id\":\"https:\/\/www.btpequipement.tn\/en\/produit\/cpa-222e\/#primaryimage\"},\"thumbnailUrl\":\"https:\/\/www.btpequipement.tn\/wp-content\/uploads\/2025\/11\/CPA-Front-222E.png\",\"datePublished\":\"2025-11-06T14:18:23+00:00\",\"dateModified\":\"2025-11-07T10:43:06+00:00\",\"description\":\"Carrier weight* (min-max): 15 - 25 t Operating weight: 1610 kg Flow rate (min-max): 160 l\/min Pressure: 200 Bar HC model: HC50 HC power: 13 Shaft: R32, R38, T38 Drilled diameter: 38 - 76 Depth (max): 6.9 Bar centering: Hydraulic Radio control: Proportional ASSISTANCE 4.0: Standard *Note: Part available upon customer request (made to order) Documentation CPA 222E\",\"breadcrumb\":{\"@id\":\"https:\/\/www.btpequipement.tn\/en\/produit\/cpa-222e\/#breadcrumb\"},\"inLanguage\":\"en-US\",\"potentialAction\":[{\"@type\":\"ReadAction\",\"target\":[\"https:\/\/www.btpequipement.tn\/en\/produit\/cpa-222e\/\"]}]},{\"@type\":\"ImageObject\",\"inLanguage\":\"en-US\",\"@id\":\"https:\/\/www.btpequipement.tn\/en\/produit\/cpa-222e\/#primaryimage\",\"url\":\"https:\/\/www.btpequipement.tn\/wp-content\/uploads\/2025\/11\/CPA-Front-222E.png\",\"contentUrl\":\"https:\/\/www.btpequipement.tn\/wp-content\/uploads\/2025\/11\/CPA-Front-222E.png\",\"width\":616,\"height\":616},{\"@type\":\"BreadcrumbList\",\"@id\":\"https:\/\/www.btpequipement.tn\/en\/produit\/cpa-222e\/#breadcrumb\",\"itemListElement\":[{\"@type\":\"ListItem\",\"position\":1,\"name\":\"Accueil\",\"item\":\"https:\/\/www.btpequipement.tn\/\"},{\"@type\":\"ListItem\",\"position\":2,\"name\":\"Shop\",\"item\":\"https:\/\/www.btpequipement.tn\/shop\/\"},{\"@type\":\"ListItem\",\"position\":3,\"name\":\"CPA 222E\"}]},{\"@type\":\"WebSite\",\"@id\":\"https:\/\/www.btpequipement.tn\/#website\",\"url\":\"https:\/\/www.btpequipement.tn\/\",\"name\":\"BTP Equipement - Mat\u00e9riels et \u00c9quipements de Chantier\",\"description\":\"Mat\u00e9riel et \u00c9quipements de Chantier Haut de Gamme\",\"publisher\":{\"@id\":\"https:\/\/www.btpequipement.tn\/#organization\"},\"potentialAction\":[{\"@type\":\"SearchAction\",\"target\":{\"@type\":\"EntryPoint\",\"urlTemplate\":\"https:\/\/www.btpequipement.tn\/?s={search_term_string}\"},\"query-input\":{\"@type\":\"PropertyValueSpecification\",\"valueRequired\":true,\"valueName\":\"search_term_string\"}}],\"inLanguage\":\"en-US\"},{\"@type\":\"Organization\",\"@id\":\"https:\/\/www.btpequipement.tn\/#organization\",\"name\":\"BTP Equipement\",\"url\":\"https:\/\/www.btpequipement.tn\/\",\"logo\":{\"@type\":\"ImageObject\",\"inLanguage\":\"en-US\",\"@id\":\"https:\/\/www.btpequipement.tn\/#\/schema\/logo\/image\/\",\"url\":\"https:\/\/www.btpequipement.tn\/wp-content\/uploads\/2024\/05\/logo-btp.svg\",\"contentUrl\":\"https:\/\/www.btpequipement.tn\/wp-content\/uploads\/2024\/05\/logo-btp.svg\",\"width\":220,\"height\":96,\"caption\":\"BTP Equipement\"},\"image\":{\"@id\":\"https:\/\/www.btpequipement.tn\/#\/schema\/logo\/image\/\"},\"sameAs\":[\"https:\/\/www.facebook.com\/people\/Btp-Equipement\/61576844644692\/\",\"https:\/\/www.instagram.com\/btp.equipement\/\"]}]}<\/script>\n<!-- \/ Yoast SEO plugin. -->","yoast_head_json":{"title":"CPA 222E - BTP Equipement","description":"Carrier weight* (min-max): 15 - 25 t Operating weight: 1610 kg Flow rate (min-max): 160 l\/min Pressure: 200 Bar HC model: HC50 HC power: 13 Shaft: R32, R38, T38 Drilled diameter: 38 - 76 Depth (max): 6.9 Bar centering: Hydraulic Radio control: Proportional ASSISTANCE 4.0: Standard  *Note: Part available upon customer request (made to order)   Documentation CPA 222E","robots":{"index":"index","follow":"follow","max-snippet":"max-snippet:-1","max-image-preview":"max-image-preview:large","max-video-preview":"max-video-preview:-1"},"canonical":"https:\/\/www.btpequipement.tn\/en\/produit\/cpa-222e\/","og_locale":"en_US","og_type":"article","og_title":"CPA 222E - BTP Equipement","og_description":"Carrier weight* (min-max): 15 - 25 t Operating weight: 1610 kg Flow rate (min-max): 160 l\/min Pressure: 200 Bar HC model: HC50 HC power: 13 Shaft: R32, R38, T38 Drilled diameter: 38 - 76 Depth (max): 6.9 Bar centering: Hydraulic Radio control: Proportional ASSISTANCE 4.0: Standard  *Note: Part available upon customer request (made to order)   Documentation CPA 222E","og_url":"https:\/\/www.btpequipement.tn\/en\/produit\/cpa-222e\/","og_site_name":"BTP Equipement","article_publisher":"https:\/\/www.facebook.com\/people\/Btp-Equipement\/61576844644692\/","article_modified_time":"2025-11-07T10:43:06+00:00","og_image":[{"width":616,"height":616,"url":"https:\/\/www.btpequipement.tn\/wp-content\/uploads\/2025\/11\/CPA-Front-222E.png","type":"image\/png"}],"twitter_card":"summary_large_image","schema":{"@context":"https:\/\/schema.org","@graph":[{"@type":"WebPage","@id":"https:\/\/www.btpequipement.tn\/en\/produit\/cpa-222e\/","url":"https:\/\/www.btpequipement.tn\/en\/produit\/cpa-222e\/","name":"CPA 222E - BTP Equipement","isPartOf":{"@id":"https:\/\/www.btpequipement.tn\/#website"},"primaryImageOfPage":{"@id":"https:\/\/www.btpequipement.tn\/en\/produit\/cpa-222e\/#primaryimage"},"image":{"@id":"https:\/\/www.btpequipement.tn\/en\/produit\/cpa-222e\/#primaryimage"},"thumbnailUrl":"https:\/\/www.btpequipement.tn\/wp-content\/uploads\/2025\/11\/CPA-Front-222E.png","datePublished":"2025-11-06T14:18:23+00:00","dateModified":"2025-11-07T10:43:06+00:00","description":"Carrier weight* (min-max): 15 - 25 t Operating weight: 1610 kg Flow rate (min-max): 160 l\/min Pressure: 200 Bar HC model: HC50 HC power: 13 Shaft: R32, R38, T38 Drilled diameter: 38 - 76 Depth (max): 6.9 Bar centering: Hydraulic Radio control: Proportional ASSISTANCE 4.0: Standard *Note: Part available upon customer request (made to order) Documentation CPA 222E","breadcrumb":{"@id":"https:\/\/www.btpequipement.tn\/en\/produit\/cpa-222e\/#breadcrumb"},"inLanguage":"en-US","potentialAction":[{"@type":"ReadAction","target":["https:\/\/www.btpequipement.tn\/en\/produit\/cpa-222e\/"]}]},{"@type":"ImageObject","inLanguage":"en-US","@id":"https:\/\/www.btpequipement.tn\/en\/produit\/cpa-222e\/#primaryimage","url":"https:\/\/www.btpequipement.tn\/wp-content\/uploads\/2025\/11\/CPA-Front-222E.png","contentUrl":"https:\/\/www.btpequipement.tn\/wp-content\/uploads\/2025\/11\/CPA-Front-222E.png","width":616,"height":616},{"@type":"BreadcrumbList","@id":"https:\/\/www.btpequipement.tn\/en\/produit\/cpa-222e\/#breadcrumb","itemListElement":[{"@type":"ListItem","position":1,"name":"Accueil","item":"https:\/\/www.btpequipement.tn\/"},{"@type":"ListItem","position":2,"name":"Shop","item":"https:\/\/www.btpequipement.tn\/shop\/"},{"@type":"ListItem","position":3,"name":"CPA 222E"}]},{"@type":"WebSite","@id":"https:\/\/www.btpequipement.tn\/#website","url":"https:\/\/www.btpequipement.tn\/","name":"BTP Equipement - Mat\u00e9riels et \u00c9quipements de Chantier","description":"Mat\u00e9riel et \u00c9quipements de Chantier Haut de Gamme","publisher":{"@id":"https:\/\/www.btpequipement.tn\/#organization"},"potentialAction":[{"@type":"SearchAction","target":{"@type":"EntryPoint","urlTemplate":"https:\/\/www.btpequipement.tn\/?s={search_term_string}"},"query-input":{"@type":"PropertyValueSpecification","valueRequired":true,"valueName":"search_term_string"}}],"inLanguage":"en-US"},{"@type":"Organization","@id":"https:\/\/www.btpequipement.tn\/#organization","name":"BTP Equipement","url":"https:\/\/www.btpequipement.tn\/","logo":{"@type":"ImageObject","inLanguage":"en-US","@id":"https:\/\/www.btpequipement.tn\/#\/schema\/logo\/image\/","url":"https:\/\/www.btpequipement.tn\/wp-content\/uploads\/2024\/05\/logo-btp.svg","contentUrl":"https:\/\/www.btpequipement.tn\/wp-content\/uploads\/2024\/05\/logo-btp.svg","width":220,"height":96,"caption":"BTP Equipement"},"image":{"@id":"https:\/\/www.btpequipement.tn\/#\/schema\/logo\/image\/"},"sameAs":["https:\/\/www.facebook.com\/people\/Btp-Equipement\/61576844644692\/","https:\/\/www.instagram.com\/btp.equipement\/"]}]}},"_links":{"self":[{"href":"https:\/\/www.btpequipement.tn\/en\/wp-json\/wp\/v2\/product\/21664","targetHints":{"allow":["GET"]}}],"collection":[{"href":"https:\/\/www.btpequipement.tn\/en\/wp-json\/wp\/v2\/product"}],"about":[{"href":"https:\/\/www.btpequipement.tn\/en\/wp-json\/wp\/v2\/types\/product"}],"replies":[{"embeddable":true,"href":"https:\/\/www.btpequipement.tn\/en\/wp-json\/wp\/v2\/comments?post=21664"}],"version-history":[{"count":1,"href":"https:\/\/www.btpequipement.tn\/en\/wp-json\/wp\/v2\/product\/21664\/revisions"}],"predecessor-version":[{"id":21665,"href":"https:\/\/www.btpequipement.tn\/en\/wp-json\/wp\/v2\/product\/21664\/revisions\/21665"}],"wp:featuredmedia":[{"embeddable":true,"href":"https:\/\/www.btpequipement.tn\/en\/wp-json\/wp\/v2\/media\/22003"}],"wp:attachment":[{"href":"https:\/\/www.btpequipement.tn\/en\/wp-json\/wp\/v2\/media?parent=21664"}],"wp:term":[{"taxonomy":"product_brand","embeddable":true,"href":"https:\/\/www.btpequipement.tn\/en\/wp-json\/wp\/v2\/product_brand?post=21664"},{"taxonomy":"product_cat","embeddable":true,"href":"https:\/\/www.btpequipement.tn\/en\/wp-json\/wp\/v2\/product_cat?post=21664"},{"taxonomy":"product_tag","embeddable":true,"href":"https:\/\/www.btpequipement.tn\/en\/wp-json\/wp\/v2\/product_tag?post=21664"}],"curies":[{"name":"wp","href":"https:\/\/api.w.org\/{rel}","templated":true}]}}